{"id":5139,"date":"2020-08-11T10:18:43","date_gmt":"2020-08-11T10:18:43","guid":{"rendered":"https:\/\/zavala-zavala.com\/wie-sie-uns-finden\/"},"modified":"2020-11-07T16:08:40","modified_gmt":"2020-11-07T16:08:40","slug":"wie-sie-uns-finden","status":"publish","type":"page","link":"https:\/\/zavala-zavala.com\/de\/wie-sie-uns-finden\/","title":{"rendered":"Wie Sie uns finden"},"content":{"rendered":"\t\t<div data-elementor-type=\"wp-page\" data-elementor-id=\"5139\" class=\"elementor elementor-5139 elementor-2332\" data-elementor-post-type=\"page\">\n\t\t\t\t\t\t<section class=\"elementor-section elementor-top-section elementor-element elementor-element-5c6ccdc8 elementor-section-content-middle elementor-reverse-mobile elementor-section-stretched elementor-section-boxed elementor-section-height-default elementor-section-height-default\" data-id=\"5c6ccdc8\" data-element_type=\"section\" data-e-type=\"section\" data-settings=\"{&quot;stretch_section&quot;:&quot;section-stretched&quot;}\">\n\t\t\t\t\t\t<div class=\"elementor-container elementor-column-gap-no\">\n\t\t\t\t\t<div class=\"elementor-column elementor-col-50 elementor-top-column elementor-element elementor-element-527faa09\" data-id=\"527faa09\" data-element_type=\"column\" data-e-type=\"column\">\n\t\t\t<div class=\"elementor-widget-wrap elementor-element-populated\">\n\t\t\t\t\t\t<div class=\"elementor-element elementor-element-70f45b9d elementor-widget elementor-widget-google_maps\" data-id=\"70f45b9d\" data-element_type=\"widget\" data-e-type=\"widget\" data-widget_type=\"google_maps.default\">\n\t\t\t\t<div class=\"elementor-widget-container\">\n\t\t\t\t\t\t\t<div class=\"elementor-custom-embed\">\n\t\t\t<iframe loading=\"lazy\"\n\t\t\t\t\tsrc=\"https:\/\/maps.google.com\/maps?q=Apartmens%20Zavala%20222&#038;t=m&#038;z=16&#038;output=embed&#038;iwloc=near\"\n\t\t\t\t\ttitle=\"Apartmens Zavala 222\"\n\t\t\t\t\taria-label=\"Apartmens Zavala 222\"\n\t\t\t><\/iframe>\n\t\t<\/div>\n\t\t\t\t\t\t<\/div>\n\t\t\t\t<\/div>\n\t\t\t\t\t<\/div>\n\t\t<\/div>\n\t\t\t\t<div class=\"elementor-column elementor-col-50 elementor-top-column elementor-element elementor-element-7adb9d41\" data-id=\"7adb9d41\" data-element_type=\"column\" data-e-type=\"column\">\n\t\t\t<div class=\"elementor-widget-wrap elementor-element-populated\">\n\t\t\t\t\t\t<div class=\"elementor-element elementor-element-42112e11 elementor-widget elementor-widget-heading\" data-id=\"42112e11\" data-element_type=\"widget\" data-e-type=\"widget\" data-widget_type=\"heading.default\">\n\t\t\t\t<div class=\"elementor-widget-container\">\n\t\t\t\t\t<h4 class=\"elementor-heading-title elementor-size-default\">Position und Zugang<\/h4>\t\t\t\t<\/div>\n\t\t\t\t<\/div>\n\t\t\t\t<div class=\"elementor-element elementor-element-3542ce6 elementor-widget elementor-widget-text-editor\" data-id=\"3542ce6\" data-element_type=\"widget\" data-e-type=\"widget\" data-widget_type=\"text-editor.default\">\n\t\t\t\t<div class=\"elementor-widget-container\">\n\t\t\t\t\t\t\t\t\t<p>Wir sind vielleicht nicht so leicht zu finden, aber f\u00fcr das, was Sie hier sehen und erleben k\u00f6nnen, lohnt sich die M\u00fche. Sie k\u00f6nnen die Insel Hvar per Schiff oder F\u00e4hre erreichen, am besten mit der F\u00e4hre von Split nach Stari Grad (Fahrplan: <span style=\"color: #049e8e;\"><a style=\"color: #049e8e;\" href=\"http:\/\/www.jadrolinija.hr\/\" target=\"_blank\" rel=\"noopener\">Jadrolinija<\/a><\/span>). Dann fahren Sie mit dem Auto bis Jelsa, auf einer kurvenreichen und engen Stra\u00dfe \u00fcber Pitve und durch einen Tunnel nach Zavala, das Sie nach etwa 20 Minuten langsamer Fahrt erreichen.<\/p>\n\t\t\t\t\t\t\t\t<\/div>\n\t\t\t\t<\/div>\n\t\t\t\t\t<\/div>\n\t\t<\/div>\n\t\t\t\t\t<\/div>\n\t\t<\/section>\n\t\t\t\t<section class=\"elementor-section elementor-top-section elementor-element elementor-element-36f2761f elementor-section-content-middle elementor-section-stretched elementor-section-boxed elementor-section-height-default elementor-section-height-default\" data-id=\"36f2761f\" data-element_type=\"section\" data-e-type=\"section\" data-settings=\"{&quot;stretch_section&quot;:&quot;section-stretched&quot;}\">\n\t\t\t\t\t\t<div class=\"elementor-container elementor-column-gap-no\">\n\t\t\t\t\t<div class=\"elementor-column elementor-col-50 elementor-top-column elementor-element elementor-element-2e576be1 elementor-invisible\" data-id=\"2e576be1\" data-element_type=\"column\" data-e-type=\"column\" data-settings=\"{&quot;animation&quot;:&quot;fadeInUp&quot;}\">\n\t\t\t<div class=\"elementor-widget-wrap elementor-element-populated\">\n\t\t\t\t\t\t<div class=\"elementor-element elementor-element-15cdf6d0 elementor-widget elementor-widget-heading\" data-id=\"15cdf6d0\" data-element_type=\"widget\" data-e-type=\"widget\" data-widget_type=\"heading.default\">\n\t\t\t\t<div class=\"elementor-widget-container\">\n\t\t\t\t\t<h3 class=\"elementor-heading-title elementor-size-default\">Die letzten paar Meter <\/h3>\t\t\t\t<\/div>\n\t\t\t\t<\/div>\n\t\t\t\t<div class=\"elementor-element elementor-element-6f866177 elementor-widget elementor-widget-text-editor\" data-id=\"6f866177\" data-element_type=\"widget\" data-e-type=\"widget\" data-widget_type=\"text-editor.default\">\n\t\t\t\t<div class=\"elementor-widget-container\">\n\t\t\t\t\t\t\t\t\t<p>Wenn Sie erfolgreich diese paar H\u00fcrden genommen haben, sehen Sie vor sich ein Schild mit der Aufschrift \u201cZAVALA\u201d(am Ortseingang). Jetzt kommt eine sanfte Linkskurve und dann nach ungef\u00e4hr 30 Metern eine sehr scharfe Rechtskurve. Wenn Sie diese im ersten Anlauf nehmen wollen, m\u00fcssen Sie zuerst etwas \u00fcben. Hier sehen Sie dann auch ein Hinweisschild zum Restaurant \u2018Skalinada\u2019. Danach folgen Sie nur der Stra\u00dfe zwischen den H\u00e4usern im Dorf links und fahren \u00fcber den Berg nach unten \u00fcber eine ziemlich steile Stra\u00dfe bis zu einer Y-Kreuzung. Die Stra\u00dfe zu Ihrer Rechten f\u00fchrt zu uns und die zu Ihrer Linken zum Restaurant \u2018Skalinada\u2019. Am Ende der Steile endet die Stra\u00dfe in einem \u2018T\u2019.<br \/>\nWenn Sie nicht zu sehr durch die mit Schlagl\u00f6chern gespickte Stra\u00dfe abgelenkt wurden, sehen Sie jetzt ein Haus mit dem Namen \u201cNautilus-Bay\u201d. Fahren Sie wieder nach rechts bis zum Ende der Stra\u00dfe. Die letzten 100 Meter der Stra\u00dfe sind nicht asphaltiert. Wenn Sie bis zu einem Haus gelangt sind, das alleine f\u00fcr sich steht, auf einem sanften H\u00fcgel zwischen Kiefern, das zum Meer hin schaut, das ca. 40 Meter entfernt ist, sind Sie an der richtigen <a href=\"https:\/\/zavala-zavala.com\/de\/ferienwohnungen\/\" target=\"_blank\" rel=\"noopener\"><span style=\"color: #049e8e;\">Adresse<\/span><\/a> angekommen! Der Parkplatz geh\u00f6rt zum Haus.<\/p>\n\t\t\t\t\t\t\t\t<\/div>\n\t\t\t\t<\/div>\n\t\t\t\t\t<\/div>\n\t\t<\/div>\n\t\t\t\t<div class=\"elementor-column elementor-col-50 elementor-top-column elementor-element elementor-element-1cf8ec5\" data-id=\"1cf8ec5\" data-element_type=\"column\" data-e-type=\"column\">\n\t\t\t<div class=\"elementor-widget-wrap elementor-element-populated\">\n\t\t\t\t\t\t<div class=\"elementor-element elementor-element-19a73d7 elementor-skin-slideshow elementor-arrows-yes elementor-widget elementor-widget-media-carousel\" data-id=\"19a73d7\" data-element_type=\"widget\" data-e-type=\"widget\" data-settings=\"{&quot;skin&quot;:&quot;slideshow&quot;,&quot;speed&quot;:600,&quot;autoplay_speed&quot;:6000,&quot;effect&quot;:&quot;slide&quot;,&quot;show_arrows&quot;:&quot;yes&quot;,&quot;autoplay&quot;:&quot;yes&quot;,&quot;loop&quot;:&quot;yes&quot;,&quot;pause_on_hover&quot;:&quot;yes&quot;,&quot;pause_on_interaction&quot;:&quot;yes&quot;,&quot;space_between&quot;:{&quot;unit&quot;:&quot;px&quot;,&quot;size&quot;:10,&quot;sizes&quot;:[]},&quot;space_between_tablet&quot;:{&quot;unit&quot;:&quot;px&quot;,&quot;size&quot;:10,&quot;sizes&quot;:[]},&quot;space_between_mobile&quot;:{&quot;unit&quot;:&quot;px&quot;,&quot;size&quot;:10,&quot;sizes&quot;:[]}}\" data-widget_type=\"media-carousel.default\">\n\t\t\t\t<div class=\"elementor-widget-container\">\n\t\t\t\t\t\t\t\t\t<div class=\"elementor-swiper\">\n\t\t\t\t\t<div class=\"elementor-main-swiper swiper\" role=\"region\" aria-roledescription=\"carousel\" aria-label=\"Slider\">\n\t\t\t\t<div class=\"swiper-wrapper\">\n\t\t\t\t\t\t\t\t\t\t\t<div class=\"swiper-slide\" role=\"group\" aria-roledescription=\"slide\">\n\t\t\t\t\t\t\t\t\t<div class=\"elementor-carousel-image\" role=\"img\" aria-label=\"zavala hvar\" style=\"background-image: url(&#039;https:\/\/zavala-zavala.com\/wp-content\/uploads\/2020\/11\/Zavala-222-Apartments-road-to-Zavala-village-l.jpg&#039;)\">\n\n\t\t\t\n\t\t\t\t\t<\/div>\n\t\t\t\t\t\t\t\t<\/div>\n\t\t\t\t\t\t\t\t\t\t\t<div class=\"swiper-slide\" role=\"group\" aria-roledescription=\"slide\">\n\t\t\t\t\t\t\t\t\t<div class=\"elementor-carousel-image\" role=\"img\" aria-label=\"hvar ferienwohnung\" style=\"background-image: url(&#039;https:\/\/zavala-zavala.com\/wp-content\/uploads\/2020\/11\/Zavala-222-apartments-directly-by-the-sea-in-Zavala-on-Hvar-1-2.jpg&#039;)\">\n\n\t\t\t\n\t\t\t\t\t<\/div>\n\t\t\t\t\t\t\t\t<\/div>\n\t\t\t\t\t\t\t\t\t\t\t<div class=\"swiper-slide\" role=\"group\" aria-roledescription=\"slide\">\n\t\t\t\t\t\t\t\t\t<div class=\"elementor-carousel-image\" role=\"img\" aria-label=\"ferienhouse hvar\" style=\"background-image: url(&#039;https:\/\/zavala-zavala.com\/wp-content\/uploads\/2020\/06\/Zavala-222-privat-accomodation-by-the-seashore_1.jpg&#039;)\">\n\n\t\t\t\n\t\t\t\t\t<\/div>\n\t\t\t\t\t\t\t\t<\/div>\n\t\t\t\t\t\t\t\t\t\t\t<div class=\"swiper-slide\" role=\"group\" aria-roledescription=\"slide\">\n\t\t\t\t\t\t\t\t\t<div class=\"elementor-carousel-image\" role=\"img\" aria-label=\"zavala hvar\" style=\"background-image: url(&#039;https:\/\/zavala-zavala.com\/wp-content\/uploads\/2020\/11\/Zavala-222-Apartments-on-the-South-side-of-the-Island-Hvar-1.jpg&#039;)\">\n\n\t\t\t\n\t\t\t\t\t<\/div>\n\t\t\t\t\t\t\t\t<\/div>\n\t\t\t\t\t\t\t\t\t\t\t<div class=\"swiper-slide\" role=\"group\" aria-roledescription=\"slide\">\n\t\t\t\t\t\t\t\t\t<div class=\"elementor-carousel-image\" role=\"img\" aria-label=\"hvar ferienwohnung\" style=\"background-image: url(&#039;https:\/\/zavala-zavala.com\/wp-content\/uploads\/2020\/05\/Zavala-222-vacation-on-the-island-Hvar-scaled.jpg&#039;)\">\n\n\t\t\t\n\t\t\t\t\t<\/div>\n\t\t\t\t\t\t\t\t<\/div>\n\t\t\t\t\t\t\t\t\t\t\t<div class=\"swiper-slide\" role=\"group\" aria-roledescription=\"slide\">\n\t\t\t\t\t\t\t\t\t<div class=\"elementor-carousel-image\" role=\"img\" aria-label=\"hvar accomodation\" style=\"background-image: url(&#039;https:\/\/zavala-zavala.com\/wp-content\/uploads\/2020\/11\/Zavala-222-holiday-beach-apartments-l-4.jpg&#039;)\">\n\n\t\t\t\n\t\t\t\t\t<\/div>\n\t\t\t\t\t\t\t\t<\/div>\n\t\t\t\t\t\t\t\t\t\t\t<div class=\"swiper-slide\" role=\"group\" aria-roledescription=\"slide\">\n\t\t\t\t\t\t\t\t\t<div class=\"elementor-carousel-image\" role=\"img\" aria-label=\"Zavala 222 the sea in front of the house\" style=\"background-image: url(&#039;https:\/\/zavala-zavala.com\/wp-content\/uploads\/2020\/05\/Zavala-222-the-sea-in-front-of-the-house.jpg&#039;)\">\n\n\t\t\t\n\t\t\t\t\t<\/div>\n\t\t\t\t\t\t\t\t<\/div>\n\t\t\t\t\t\t\t\t\t\t\t<div class=\"swiper-slide\" role=\"group\" aria-roledescription=\"slide\">\n\t\t\t\t\t\t\t\t\t<div class=\"elementor-carousel-image\" role=\"img\" aria-label=\"insel hvar\" style=\"background-image: url(&#039;https:\/\/zavala-zavala.com\/wp-content\/uploads\/2020\/11\/Zavala-222-Apartments-and-Petarcica-bay-1.jpg&#039;)\">\n\n\t\t\t\n\t\t\t\t\t<\/div>\n\t\t\t\t\t\t\t\t<\/div>\n\t\t\t\t\t\t\t\t\t<\/div>\n\t\t\t\t\t\t\t\t\t\t\t\t\t\t\t<div class=\"elementor-swiper-button elementor-swiper-button-prev\" role=\"button\" tabindex=\"0\" aria-label=\"Voriger\">\n\t\t\t\t\t\t\t<i aria-hidden=\"true\" class=\"eicon-chevron-left\"><\/i>\t\t\t\t\t\t<\/div>\n\t\t\t\t\t\t<div class=\"elementor-swiper-button elementor-swiper-button-next\" role=\"button\" tabindex=\"0\" aria-label=\"N\u00e4chster\">\n\t\t\t\t\t\t\t<i aria-hidden=\"true\" class=\"eicon-chevron-right\"><\/i>\t\t\t\t\t\t<\/div>\n\t\t\t\t\t\t\t\t\t\t\t\t\t\t\t\t\t<\/div>\n\t\t\t\t<\/div>\n\t\t\t\t\t\t\t\t<div class=\"elementor-swiper\">\n\t\t\t\t\t<div class=\"elementor-main-swiper swiper elementor-thumbnails-swiper swiper\" role=\"region region\" aria-roledescription=\"carousel carousel\" aria-label=\"Slider Slider\">\n\t\t\t\t<div class=\"swiper-wrapper\">\n\t\t\t\t\t\t\t\t\t\t\t<div class=\"swiper-slide\" role=\"group\" aria-roledescription=\"slide\">\n\t\t\t\t\t\t\t\t\t<div class=\"elementor-carousel-image\" role=\"img\" aria-label=\"zavala hvar\" style=\"background-image: url(&#039;https:\/\/zavala-zavala.com\/wp-content\/uploads\/2020\/11\/Zavala-222-Apartments-road-to-Zavala-village-l.jpg&#039;)\">\n\n\t\t\t\n\t\t\t\t\t<\/div>\n\t\t\t\t\t\t\t\t<\/div>\n\t\t\t\t\t\t\t\t\t\t\t<div class=\"swiper-slide\" role=\"group\" aria-roledescription=\"slide\">\n\t\t\t\t\t\t\t\t\t<div class=\"elementor-carousel-image\" role=\"img\" aria-label=\"hvar ferienwohnung\" style=\"background-image: url(&#039;https:\/\/zavala-zavala.com\/wp-content\/uploads\/2020\/11\/Zavala-222-apartments-directly-by-the-sea-in-Zavala-on-Hvar-1-2.jpg&#039;)\">\n\n\t\t\t\n\t\t\t\t\t<\/div>\n\t\t\t\t\t\t\t\t<\/div>\n\t\t\t\t\t\t\t\t\t\t\t<div class=\"swiper-slide\" role=\"group\" aria-roledescription=\"slide\">\n\t\t\t\t\t\t\t\t\t<div class=\"elementor-carousel-image\" role=\"img\" aria-label=\"ferienhouse hvar\" style=\"background-image: url(&#039;https:\/\/zavala-zavala.com\/wp-content\/uploads\/2020\/06\/Zavala-222-privat-accomodation-by-the-seashore_1.jpg&#039;)\">\n\n\t\t\t\n\t\t\t\t\t<\/div>\n\t\t\t\t\t\t\t\t<\/div>\n\t\t\t\t\t\t\t\t\t\t\t<div class=\"swiper-slide\" role=\"group\" aria-roledescription=\"slide\">\n\t\t\t\t\t\t\t\t\t<div class=\"elementor-carousel-image\" role=\"img\" aria-label=\"zavala hvar\" style=\"background-image: url(&#039;https:\/\/zavala-zavala.com\/wp-content\/uploads\/2020\/11\/Zavala-222-Apartments-on-the-South-side-of-the-Island-Hvar-1.jpg&#039;)\">\n\n\t\t\t\n\t\t\t\t\t<\/div>\n\t\t\t\t\t\t\t\t<\/div>\n\t\t\t\t\t\t\t\t\t\t\t<div class=\"swiper-slide\" role=\"group\" aria-roledescription=\"slide\">\n\t\t\t\t\t\t\t\t\t<div class=\"elementor-carousel-image\" role=\"img\" aria-label=\"hvar ferienwohnung\" style=\"background-image: url(&#039;https:\/\/zavala-zavala.com\/wp-content\/uploads\/2020\/05\/Zavala-222-vacation-on-the-island-Hvar-scaled.jpg&#039;)\">\n\n\t\t\t\n\t\t\t\t\t<\/div>\n\t\t\t\t\t\t\t\t<\/div>\n\t\t\t\t\t\t\t\t\t\t\t<div class=\"swiper-slide\" role=\"group\" aria-roledescription=\"slide\">\n\t\t\t\t\t\t\t\t\t<div class=\"elementor-carousel-image\" role=\"img\" aria-label=\"hvar accomodation\" style=\"background-image: url(&#039;https:\/\/zavala-zavala.com\/wp-content\/uploads\/2020\/11\/Zavala-222-holiday-beach-apartments-l-4.jpg&#039;)\">\n\n\t\t\t\n\t\t\t\t\t<\/div>\n\t\t\t\t\t\t\t\t<\/div>\n\t\t\t\t\t\t\t\t\t\t\t<div class=\"swiper-slide\" role=\"group\" aria-roledescription=\"slide\">\n\t\t\t\t\t\t\t\t\t<div class=\"elementor-carousel-image\" role=\"img\" aria-label=\"Zavala 222 the sea in front of the house\" style=\"background-image: url(&#039;https:\/\/zavala-zavala.com\/wp-content\/uploads\/2020\/05\/Zavala-222-the-sea-in-front-of-the-house.jpg&#039;)\">\n\n\t\t\t\n\t\t\t\t\t<\/div>\n\t\t\t\t\t\t\t\t<\/div>\n\t\t\t\t\t\t\t\t\t\t\t<div class=\"swiper-slide\" role=\"group\" aria-roledescription=\"slide\">\n\t\t\t\t\t\t\t\t\t<div class=\"elementor-carousel-image\" role=\"img\" aria-label=\"insel hvar\" style=\"background-image: url(&#039;https:\/\/zavala-zavala.com\/wp-content\/uploads\/2020\/11\/Zavala-222-Apartments-and-Petarcica-bay-1.jpg&#039;)\">\n\n\t\t\t\n\t\t\t\t\t<\/div>\n\t\t\t\t\t\t\t\t<\/div>\n\t\t\t\t\t\t\t\t\t<\/div>\n\t\t\t\t\t\t\t\t\t\t\t\t\t\t\t\t\t\t\t\t\t<\/div>\n\t\t\t\t<\/div>\n\t\t\t\t\t\t\t\t<\/div>\n\t\t\t\t<\/div>\n\t\t\t\t\t<\/div>\n\t\t<\/div>\n\t\t\t\t\t<\/div>\n\t\t<\/section>\n\t\t\t\t<\/div>\n\t\t","protected":false},"excerpt":{"rendered":"<p>Position und Zugang Wir sind vielleicht nicht so leicht zu finden, aber f\u00fcr das, was Sie hier sehen und erleben k\u00f6nnen, lohnt sich die M\u00fche. Sie k\u00f6nnen die Insel Hvar per Schiff oder F\u00e4hre erreichen, am besten mit der F\u00e4hre von Split nach Stari Grad (Fahrplan: Jadrolinija). Dann fahren Sie mit dem Auto bis Jelsa, [&hellip;]<\/p>\n","protected":false},"author":4,"featured_media":5070,"parent":0,"menu_order":0,"comment_status":"closed","ping_status":"closed","template":"","meta":{"footnotes":""},"class_list":["post-5139","page","type-page","status-publish","has-post-thumbnail","hentry"],"yoast_head":"<!-- This site is optimized with the Yoast SEO plugin v24.4 - https:\/\/yoast.com\/wordpress\/plugins\/seo\/ -->\n<title>Wie Sie uns finden - Sobald Sie alle Hindernisse gemeistert haben.<\/title>\n<meta name=\"description\" content=\"Es ist nicht ganz so einfach, uns zu finden. Sobald Sie angekommen sind, werden Sie feststellen, dass sich alle Anstrengungen gelohnt haben.\" \/>\n<meta name=\"robots\" content=\"index, follow, max-snippet:-1, max-image-preview:large, max-video-preview:-1\" \/>\n<link rel=\"canonical\" href=\"https:\/\/zavala-zavala.com\/de\/wie-sie-uns-finden\/\" \/>\n<meta property=\"og:locale\" content=\"de_DE\" \/>\n<meta property=\"og:type\" content=\"article\" \/>\n<meta property=\"og:title\" content=\"Wie Sie uns finden - Sobald Sie alle Hindernisse gemeistert haben.\" \/>\n<meta property=\"og:description\" content=\"Es ist nicht ganz so einfach, uns zu finden. Sobald Sie angekommen sind, werden Sie feststellen, dass sich alle Anstrengungen gelohnt haben.\" \/>\n<meta property=\"og:url\" content=\"https:\/\/zavala-zavala.com\/de\/wie-sie-uns-finden\/\" \/>\n<meta property=\"og:site_name\" content=\"Zavala 222\" \/>\n<meta property=\"article:publisher\" content=\"https:\/\/www.facebook.com\/zavala222apartments\/\" \/>\n<meta property=\"article:modified_time\" content=\"2020-11-07T16:08:40+00:00\" \/>\n<meta property=\"og:image\" content=\"https:\/\/zavala-zavala.com\/wp-content\/uploads\/2020\/07\/Zavala-222-apartments-directly-on-the-beach-min-scaled.jpg\" \/>\n\t<meta property=\"og:image:width\" content=\"2560\" \/>\n\t<meta property=\"og:image:height\" content=\"1705\" \/>\n\t<meta property=\"og:image:type\" content=\"image\/jpeg\" \/>\n<meta name=\"twitter:card\" content=\"summary_large_image\" \/>\n<meta name=\"twitter:label1\" content=\"Gesch\u00e4tzte Lesezeit\" \/>\n\t<meta name=\"twitter:data1\" content=\"1\u00a0Minute\" \/>\n<!-- \/ Yoast SEO plugin. -->","yoast_head_json":{"title":"Wie Sie uns finden - Sobald Sie alle Hindernisse gemeistert haben.","description":"Es ist nicht ganz so einfach, uns zu finden. Sobald Sie angekommen sind, werden Sie feststellen, dass sich alle Anstrengungen gelohnt haben.","robots":{"index":"index","follow":"follow","max-snippet":"max-snippet:-1","max-image-preview":"max-image-preview:large","max-video-preview":"max-video-preview:-1"},"canonical":"https:\/\/zavala-zavala.com\/de\/wie-sie-uns-finden\/","og_locale":"de_DE","og_type":"article","og_title":"Wie Sie uns finden - Sobald Sie alle Hindernisse gemeistert haben.","og_description":"Es ist nicht ganz so einfach, uns zu finden. Sobald Sie angekommen sind, werden Sie feststellen, dass sich alle Anstrengungen gelohnt haben.","og_url":"https:\/\/zavala-zavala.com\/de\/wie-sie-uns-finden\/","og_site_name":"Zavala 222","article_publisher":"https:\/\/www.facebook.com\/zavala222apartments\/","article_modified_time":"2020-11-07T16:08:40+00:00","og_image":[{"width":2560,"height":1705,"url":"https:\/\/zavala-zavala.com\/wp-content\/uploads\/2020\/07\/Zavala-222-apartments-directly-on-the-beach-min-scaled.jpg","type":"image\/jpeg"}],"twitter_card":"summary_large_image","twitter_misc":{"Gesch\u00e4tzte Lesezeit":"1\u00a0Minute"},"schema":{"@context":"https:\/\/schema.org","@graph":[{"@type":"WebPage","@id":"https:\/\/zavala-zavala.com\/de\/wie-sie-uns-finden\/","url":"https:\/\/zavala-zavala.com\/de\/wie-sie-uns-finden\/","name":"Wie Sie uns finden - Sobald Sie alle Hindernisse gemeistert haben.","isPartOf":{"@id":"https:\/\/zavala-zavala.com\/de\/#website"},"primaryImageOfPage":{"@id":"https:\/\/zavala-zavala.com\/de\/wie-sie-uns-finden\/#primaryimage"},"image":{"@id":"https:\/\/zavala-zavala.com\/de\/wie-sie-uns-finden\/#primaryimage"},"thumbnailUrl":"https:\/\/zavala-zavala.com\/wp-content\/uploads\/2020\/07\/Zavala-222-apartments-directly-on-the-beach-min-scaled.jpg","datePublished":"2020-08-11T10:18:43+00:00","dateModified":"2020-11-07T16:08:40+00:00","description":"Es ist nicht ganz so einfach, uns zu finden. Sobald Sie angekommen sind, werden Sie feststellen, dass sich alle Anstrengungen gelohnt haben.","breadcrumb":{"@id":"https:\/\/zavala-zavala.com\/de\/wie-sie-uns-finden\/#breadcrumb"},"inLanguage":"de","potentialAction":[{"@type":"ReadAction","target":["https:\/\/zavala-zavala.com\/de\/wie-sie-uns-finden\/"]}]},{"@type":"ImageObject","inLanguage":"de","@id":"https:\/\/zavala-zavala.com\/de\/wie-sie-uns-finden\/#primaryimage","url":"https:\/\/zavala-zavala.com\/wp-content\/uploads\/2020\/07\/Zavala-222-apartments-directly-on-the-beach-min-scaled.jpg","contentUrl":"https:\/\/zavala-zavala.com\/wp-content\/uploads\/2020\/07\/Zavala-222-apartments-directly-on-the-beach-min-scaled.jpg","width":2560,"height":1705},{"@type":"BreadcrumbList","@id":"https:\/\/zavala-zavala.com\/de\/wie-sie-uns-finden\/#breadcrumb","itemListElement":[{"@type":"ListItem","position":1,"name":"Home","item":"https:\/\/zavala-zavala.com\/de\/"},{"@type":"ListItem","position":2,"name":"Wie Sie uns finden"}]},{"@type":"WebSite","@id":"https:\/\/zavala-zavala.com\/de\/#website","url":"https:\/\/zavala-zavala.com\/de\/","name":"Zavala 222 Apartments","description":"Apartmants - Hvar - Croatia","publisher":{"@id":"https:\/\/zavala-zavala.com\/de\/#organization"},"potentialAction":[{"@type":"SearchAction","target":{"@type":"EntryPoint","urlTemplate":"https:\/\/zavala-zavala.com\/de\/?s={search_term_string}"},"query-input":{"@type":"PropertyValueSpecification","valueRequired":true,"valueName":"search_term_string"}}],"inLanguage":"de"},{"@type":"Organization","@id":"https:\/\/zavala-zavala.com\/de\/#organization","name":"Zavala 222 apartments","url":"https:\/\/zavala-zavala.com\/de\/","logo":{"@type":"ImageObject","inLanguage":"de","@id":"https:\/\/zavala-zavala.com\/de\/#\/schema\/logo\/image\/","url":"https:\/\/zavala-zavala.com\/wp-content\/uploads\/2020\/04\/Zavala_222_20_logo.png","contentUrl":"https:\/\/zavala-zavala.com\/wp-content\/uploads\/2020\/04\/Zavala_222_20_logo.png","width":510,"height":240,"caption":"Zavala 222 apartments"},"image":{"@id":"https:\/\/zavala-zavala.com\/de\/#\/schema\/logo\/image\/"},"sameAs":["https:\/\/www.facebook.com\/zavala222apartments\/","https:\/\/www.instagram.com\/zavala222apartments\/"]}]}},"_links":{"self":[{"href":"https:\/\/zavala-zavala.com\/de\/wp-json\/wp\/v2\/pages\/5139","targetHints":{"allow":["GET"]}}],"collection":[{"href":"https:\/\/zavala-zavala.com\/de\/wp-json\/wp\/v2\/pages"}],"about":[{"href":"https:\/\/zavala-zavala.com\/de\/wp-json\/wp\/v2\/types\/page"}],"author":[{"embeddable":true,"href":"https:\/\/zavala-zavala.com\/de\/wp-json\/wp\/v2\/users\/4"}],"replies":[{"embeddable":true,"href":"https:\/\/zavala-zavala.com\/de\/wp-json\/wp\/v2\/comments?post=5139"}],"version-history":[{"count":3,"href":"https:\/\/zavala-zavala.com\/de\/wp-json\/wp\/v2\/pages\/5139\/revisions"}],"predecessor-version":[{"id":5748,"href":"https:\/\/zavala-zavala.com\/de\/wp-json\/wp\/v2\/pages\/5139\/revisions\/5748"}],"wp:featuredmedia":[{"embeddable":true,"href":"https:\/\/zavala-zavala.com\/de\/wp-json\/wp\/v2\/media\/5070"}],"wp:attachment":[{"href":"https:\/\/zavala-zavala.com\/de\/wp-json\/wp\/v2\/media?parent=5139"}],"curies":[{"name":"wp","href":"https:\/\/api.w.org\/{rel}","templated":true}]}}