{"id":5145,"date":"2020-08-21T12:36:47","date_gmt":"2020-08-21T12:36:47","guid":{"rendered":"https:\/\/zavala-zavala.com\/geschaeftsbedingungen\/"},"modified":"2026-01-19T19:06:22","modified_gmt":"2026-01-19T19:06:22","slug":"geschaeftsbedingungen","status":"publish","type":"page","link":"https:\/\/zavala-zavala.com\/de\/geschaeftsbedingungen\/","title":{"rendered":"Nutzungsbedingungen"},"content":{"rendered":"\t\t<div data-elementor-type=\"wp-page\" data-elementor-id=\"5145\" class=\"elementor elementor-5145 elementor-2338\" data-elementor-post-type=\"page\">\n\t\t\t\t\t\t<section class=\"elementor-section elementor-top-section elementor-element elementor-element-5e857cd9 elementor-section-content-middle elementor-section-stretched elementor-section-boxed elementor-section-height-default elementor-section-height-default\" data-id=\"5e857cd9\" data-element_type=\"section\" data-e-type=\"section\" data-settings=\"{&quot;stretch_section&quot;:&quot;section-stretched&quot;}\">\n\t\t\t\t\t\t<div class=\"elementor-container elementor-column-gap-no\">\n\t\t\t\t\t<div class=\"elementor-column elementor-col-100 elementor-top-column elementor-element elementor-element-5955970e\" data-id=\"5955970e\" data-element_type=\"column\" data-e-type=\"column\">\n\t\t\t<div class=\"elementor-widget-wrap elementor-element-populated\">\n\t\t\t\t\t\t<div class=\"elementor-element elementor-element-1a394599 elementor-widget elementor-widget-heading\" data-id=\"1a394599\" data-element_type=\"widget\" data-e-type=\"widget\" data-widget_type=\"heading.default\">\n\t\t\t\t<div class=\"elementor-widget-container\">\n\t\t\t\t\t<h4 class=\"elementor-heading-title elementor-size-default\">Nutzungsbedingungen<\/h4>\t\t\t\t<\/div>\n\t\t\t\t<\/div>\n\t\t\t\t\t<\/div>\n\t\t<\/div>\n\t\t\t\t\t<\/div>\n\t\t<\/section>\n\t\t\t\t<section class=\"elementor-section elementor-top-section elementor-element elementor-element-2951b999 elementor-section-content-top elementor-section-stretched elementor-section-boxed elementor-section-height-default elementor-section-height-default\" data-id=\"2951b999\" data-element_type=\"section\" data-e-type=\"section\" data-settings=\"{&quot;stretch_section&quot;:&quot;section-stretched&quot;}\">\n\t\t\t\t\t\t<div class=\"elementor-container elementor-column-gap-no\">\n\t\t\t\t\t<div class=\"elementor-column elementor-col-50 elementor-top-column elementor-element elementor-element-2a278176\" data-id=\"2a278176\" data-element_type=\"column\" data-e-type=\"column\">\n\t\t\t<div class=\"elementor-widget-wrap elementor-element-populated\">\n\t\t\t\t\t\t<div class=\"elementor-element elementor-element-11cb0657 elementor-widget elementor-widget-toggle\" data-id=\"11cb0657\" data-element_type=\"widget\" data-e-type=\"widget\" data-widget_type=\"toggle.default\">\n\t\t\t\t<div class=\"elementor-widget-container\">\n\t\t\t\t\t\t\t<div class=\"elementor-toggle\">\n\t\t\t\t\t\t\t<div class=\"elementor-toggle-item\">\n\t\t\t\t\t<div id=\"elementor-tab-title-2981\" class=\"elementor-tab-title\" data-tab=\"1\" role=\"button\" aria-controls=\"elementor-tab-content-2981\" aria-expanded=\"false\">\n\t\t\t\t\t\t\t\t\t\t\t\t<span class=\"elementor-toggle-icon elementor-toggle-icon-right\" aria-hidden=\"true\">\n\t\t\t\t\t\t\t\t\t\t\t\t\t\t\t<span class=\"elementor-toggle-icon-closed\"><i class=\"fas fa-chevron-down\"><\/i><\/span>\n\t\t\t\t\t\t\t\t<span class=\"elementor-toggle-icon-opened\"><i class=\"elementor-toggle-icon-opened fas fa-chevron-up\"><\/i><\/span>\n\t\t\t\t\t\t\t\t\t\t\t\t\t<\/span>\n\t\t\t\t\t\t\t\t\t\t\t\t<a class=\"elementor-toggle-title\" tabindex=\"0\">Hausordnung<\/a>\n\t\t\t\t\t<\/div>\n\n\t\t\t\t\t<div id=\"elementor-tab-content-2981\" class=\"elementor-tab-content elementor-clearfix\" data-tab=\"1\" role=\"region\" aria-labelledby=\"elementor-tab-title-2981\"><p>W\u00e4hrend der Hauptsaison ist der An- und Abreisetag Samstag oder Sonntag. Au\u00dferhalb der Hauptsaison sind An- und Abreisetag nicht streng festgelegt.<\/p>\n<p><strong>Anreise ab 16:00 Uhr<\/strong><br \/>\nDamit wir Sie zur rechten Zeit erwarten k\u00f6nnen, bitten wir Sie um eine SMS-Nachricht, wenn Sie auf der F\u00e4hre einschiffen.<\/p>\n<p><strong>Abreise bis 10:00 Uhr<\/strong><br \/>\nUm einen reibungslosen Reinigungsprozess sicherstellen und das Appartement f\u00fcr neu ankommende G\u00e4ste vorbereiten zu k\u00f6nnen, bitten wir Sie, das Appartement bis sp\u00e4testens 10.00 Uhr zu verlassen.<\/p>\n<p>Haustiere sind nicht erlaubt.<\/p>\n<p>Im Falle einer durch die G\u00e4ste verursachten Besch\u00e4digung der Ausstattung im Appartement haben diese den Eigent\u00fcmer dar\u00fcber zu informieren sowie eine angemessene Entsch\u00e4digung zu zahlen.<\/p>\n<\/div>\n\t\t\t\t<\/div>\n\t\t\t\t\t\t\t\t<\/div>\n\t\t\t\t\t\t<\/div>\n\t\t\t\t<\/div>\n\t\t\t\t<div class=\"elementor-element elementor-element-7fc01dd elementor-widget elementor-widget-toggle\" data-id=\"7fc01dd\" data-element_type=\"widget\" data-e-type=\"widget\" data-widget_type=\"toggle.default\">\n\t\t\t\t<div class=\"elementor-widget-container\">\n\t\t\t\t\t\t\t<div class=\"elementor-toggle\">\n\t\t\t\t\t\t\t<div class=\"elementor-toggle-item\">\n\t\t\t\t\t<div id=\"elementor-tab-title-1331\" class=\"elementor-tab-title\" data-tab=\"1\" role=\"button\" aria-controls=\"elementor-tab-content-1331\" aria-expanded=\"false\">\n\t\t\t\t\t\t\t\t\t\t\t\t<span class=\"elementor-toggle-icon elementor-toggle-icon-right\" aria-hidden=\"true\">\n\t\t\t\t\t\t\t\t\t\t\t\t\t\t\t<span class=\"elementor-toggle-icon-closed\"><i class=\"fas fa-chevron-down\"><\/i><\/span>\n\t\t\t\t\t\t\t\t<span class=\"elementor-toggle-icon-opened\"><i class=\"elementor-toggle-icon-opened fas fa-chevron-up\"><\/i><\/span>\n\t\t\t\t\t\t\t\t\t\t\t\t\t<\/span>\n\t\t\t\t\t\t\t\t\t\t\t\t<a class=\"elementor-toggle-title\" tabindex=\"0\">Zusatzkosten<\/a>\n\t\t\t\t\t<\/div>\n\n\t\t\t\t\t<div id=\"elementor-tab-content-1331\" class=\"elementor-tab-content elementor-clearfix\" data-tab=\"1\" role=\"region\" aria-labelledby=\"elementor-tab-title-1331\"><p>Die Nutzung der Klimaanlage ist optional und wird mit 50 EUR f\u00fcr die Woche berechnet.<\/p>\n<p>Endreinigung: 50 EUR.<\/p>\n<\/div>\n\t\t\t\t<\/div>\n\t\t\t\t\t\t\t\t<\/div>\n\t\t\t\t\t\t<\/div>\n\t\t\t\t<\/div>\n\t\t\t\t\t<\/div>\n\t\t<\/div>\n\t\t\t\t<div class=\"elementor-column elementor-col-50 elementor-top-column elementor-element elementor-element-4514e6a\" data-id=\"4514e6a\" data-element_type=\"column\" data-e-type=\"column\">\n\t\t\t<div class=\"elementor-widget-wrap elementor-element-populated\">\n\t\t\t\t\t\t<div class=\"elementor-element elementor-element-03f31e7 elementor-widget elementor-widget-toggle\" data-id=\"03f31e7\" data-element_type=\"widget\" data-e-type=\"widget\" data-widget_type=\"toggle.default\">\n\t\t\t\t<div class=\"elementor-widget-container\">\n\t\t\t\t\t\t\t<div class=\"elementor-toggle\">\n\t\t\t\t\t\t\t<div class=\"elementor-toggle-item\">\n\t\t\t\t\t<div id=\"elementor-tab-title-4141\" class=\"elementor-tab-title\" data-tab=\"1\" role=\"button\" aria-controls=\"elementor-tab-content-4141\" aria-expanded=\"false\">\n\t\t\t\t\t\t\t\t\t\t\t\t<span class=\"elementor-toggle-icon elementor-toggle-icon-right\" aria-hidden=\"true\">\n\t\t\t\t\t\t\t\t\t\t\t\t\t\t\t<span class=\"elementor-toggle-icon-closed\"><i class=\"fas fa-chevron-down\"><\/i><\/span>\n\t\t\t\t\t\t\t\t<span class=\"elementor-toggle-icon-opened\"><i class=\"elementor-toggle-icon-opened fas fa-chevron-up\"><\/i><\/span>\n\t\t\t\t\t\t\t\t\t\t\t\t\t<\/span>\n\t\t\t\t\t\t\t\t\t\t\t\t<a class=\"elementor-toggle-title\" tabindex=\"0\">Im Preis inbegriffen<\/a>\n\t\t\t\t\t<\/div>\n\n\t\t\t\t\t<div id=\"elementor-tab-content-4141\" class=\"elementor-tab-content elementor-clearfix\" data-tab=\"1\" role=\"region\" aria-labelledby=\"elementor-tab-title-4141\"><p>Wechsel der Bettw\u00e4sche einmal w\u00f6chentlich, Handtuchwechsel zweimal w\u00f6chentlich,<br \/>\nNutzung der Liegest\u00fchle und Sonnenschirme,<br \/>\nEin Parkplatz,<br \/>\nNutzung des Au\u00dfengrills,<br \/>\nWI-FI.<\/p>\n<\/div>\n\t\t\t\t<\/div>\n\t\t\t\t\t\t\t\t<\/div>\n\t\t\t\t\t\t<\/div>\n\t\t\t\t<\/div>\n\t\t\t\t<div class=\"elementor-element elementor-element-31c2bde elementor-widget elementor-widget-toggle\" data-id=\"31c2bde\" data-element_type=\"widget\" data-e-type=\"widget\" data-widget_type=\"toggle.default\">\n\t\t\t\t<div class=\"elementor-widget-container\">\n\t\t\t\t\t\t\t<div class=\"elementor-toggle\">\n\t\t\t\t\t\t\t<div class=\"elementor-toggle-item\">\n\t\t\t\t\t<div id=\"elementor-tab-title-5211\" class=\"elementor-tab-title\" data-tab=\"1\" role=\"button\" aria-controls=\"elementor-tab-content-5211\" aria-expanded=\"false\">\n\t\t\t\t\t\t\t\t\t\t\t\t<span class=\"elementor-toggle-icon elementor-toggle-icon-right\" aria-hidden=\"true\">\n\t\t\t\t\t\t\t\t\t\t\t\t\t\t\t<span class=\"elementor-toggle-icon-closed\"><i class=\"fas fa-chevron-down\"><\/i><\/span>\n\t\t\t\t\t\t\t\t<span class=\"elementor-toggle-icon-opened\"><i class=\"elementor-toggle-icon-opened fas fa-chevron-up\"><\/i><\/span>\n\t\t\t\t\t\t\t\t\t\t\t\t\t<\/span>\n\t\t\t\t\t\t\t\t\t\t\t\t<a class=\"elementor-toggle-title\" tabindex=\"0\">Reservierung und Zahlungsbedingungen<\/a>\n\t\t\t\t\t<\/div>\n\n\t\t\t\t\t<div id=\"elementor-tab-content-5211\" class=\"elementor-tab-content elementor-clearfix\" data-tab=\"1\" role=\"region\" aria-labelledby=\"elementor-tab-title-5211\"><p>F\u00fcr die Reservierung benutzen Sie bitte den Reservierungsantrag oder senden Sie uns eine E-Mail; wir werden in k\u00fcrzestm\u00f6glicher Zeit antworten.<\/p>\n<p>Die Anmeldung ist best\u00e4tigt, wenn eine Anzahlung von 30 % geleistet wurde.<\/p>\n<p>Die restliche Summe k\u00f6nnen Sie vor oder bei der Ankunft in Zavalo in bar oder \u00fcber per Bank bezahlen. Kredit- und\/oder Bankzahlkarten k\u00f6nnen wir leider nicht akzeptieren.<\/p>\n<p>Im Falle einer versp\u00e4teten Anreise oder einer vorzeitigen Abreise werden alle Tage nach dem normalen Preis berechnet.<\/p>\n<p>Bei Stornierung der Reservierung von bis zu 30 Tagen vor der gebuchten Ankunft erstatten wir die geleistete Anzahlung zur\u00fcck.<\/p>\n<p>Im Falle einer sp\u00e4teren Absage oder wenn sich die G\u00e4ste am Ankunftstag nicht melden (\u2018No-Show\u2019), behalten wir die Anzahlung ein.<\/p>\n<p>Wir empfehlen unseren G\u00e4sten, eine Reiser\u00fccktrittsversicherung abzuschlie\u00dfen.<\/p>\n<\/div>\n\t\t\t\t<\/div>\n\t\t\t\t\t\t\t\t<\/div>\n\t\t\t\t\t\t<\/div>\n\t\t\t\t<\/div>\n\t\t\t\t\t<\/div>\n\t\t<\/div>\n\t\t\t\t\t<\/div>\n\t\t<\/section>\n\t\t\t\t<\/div>\n\t\t","protected":false},"excerpt":{"rendered":"<p>Nutzungsbedingungen Hausordnung W\u00e4hrend der Hauptsaison ist der An- und Abreisetag Samstag oder Sonntag. Au\u00dferhalb der Hauptsaison sind An- und Abreisetag nicht streng festgelegt. Anreise ab 16:00 Uhr Damit wir Sie zur rechten Zeit erwarten k\u00f6nnen, bitten wir Sie um eine SMS-Nachricht, wenn Sie auf der F\u00e4hre einschiffen. Abreise bis 10:00 Uhr Um einen reibungslosen Reinigungsprozess [&hellip;]<\/p>\n","protected":false},"author":4,"featured_media":0,"parent":0,"menu_order":0,"comment_status":"closed","ping_status":"closed","template":"","meta":{"footnotes":""},"class_list":["post-5145","page","type-page","status-publish","hentry"],"yoast_head":"<!-- This site is optimized with the Yoast SEO plugin v24.4 - https:\/\/yoast.com\/wordpress\/plugins\/seo\/ -->\n<title>Nutzungsbedingungen - Zavala 222 Ferienwohnungen<\/title>\n<meta name=\"description\" content=\"F\u00fcr die Reservierung benutzen Sie bitte den Reservierungsantrag oder senden Sie uns eine E-Mail; wir werden in k\u00fcrzestm\u00f6glicher Zeit antworten.\" \/>\n<meta name=\"robots\" content=\"index, follow, max-snippet:-1, max-image-preview:large, max-video-preview:-1\" \/>\n<link rel=\"canonical\" href=\"https:\/\/zavala-zavala.com\/de\/geschaeftsbedingungen\/\" \/>\n<meta property=\"og:locale\" content=\"de_DE\" \/>\n<meta property=\"og:type\" content=\"article\" \/>\n<meta property=\"og:title\" content=\"Nutzungsbedingungen - Zavala 222 Ferienwohnungen\" \/>\n<meta property=\"og:description\" content=\"F\u00fcr die Reservierung benutzen Sie bitte den Reservierungsantrag oder senden Sie uns eine E-Mail; wir werden in k\u00fcrzestm\u00f6glicher Zeit antworten.\" \/>\n<meta property=\"og:url\" content=\"https:\/\/zavala-zavala.com\/de\/geschaeftsbedingungen\/\" \/>\n<meta property=\"og:site_name\" content=\"Zavala 222\" \/>\n<meta property=\"article:publisher\" content=\"https:\/\/www.facebook.com\/zavala222apartments\/\" \/>\n<meta property=\"article:modified_time\" content=\"2026-01-19T19:06:22+00:00\" \/>\n<meta name=\"twitter:card\" content=\"summary_large_image\" \/>\n<meta name=\"twitter:label1\" content=\"Gesch\u00e4tzte Lesezeit\" \/>\n\t<meta name=\"twitter:data1\" content=\"1\u00a0Minute\" \/>\n<!-- \/ Yoast SEO plugin. -->","yoast_head_json":{"title":"Nutzungsbedingungen - Zavala 222 Ferienwohnungen","description":"F\u00fcr die Reservierung benutzen Sie bitte den Reservierungsantrag oder senden Sie uns eine E-Mail; wir werden in k\u00fcrzestm\u00f6glicher Zeit antworten.","robots":{"index":"index","follow":"follow","max-snippet":"max-snippet:-1","max-image-preview":"max-image-preview:large","max-video-preview":"max-video-preview:-1"},"canonical":"https:\/\/zavala-zavala.com\/de\/geschaeftsbedingungen\/","og_locale":"de_DE","og_type":"article","og_title":"Nutzungsbedingungen - Zavala 222 Ferienwohnungen","og_description":"F\u00fcr die Reservierung benutzen Sie bitte den Reservierungsantrag oder senden Sie uns eine E-Mail; wir werden in k\u00fcrzestm\u00f6glicher Zeit antworten.","og_url":"https:\/\/zavala-zavala.com\/de\/geschaeftsbedingungen\/","og_site_name":"Zavala 222","article_publisher":"https:\/\/www.facebook.com\/zavala222apartments\/","article_modified_time":"2026-01-19T19:06:22+00:00","twitter_card":"summary_large_image","twitter_misc":{"Gesch\u00e4tzte Lesezeit":"1\u00a0Minute"},"schema":{"@context":"https:\/\/schema.org","@graph":[{"@type":"WebPage","@id":"https:\/\/zavala-zavala.com\/de\/geschaeftsbedingungen\/","url":"https:\/\/zavala-zavala.com\/de\/geschaeftsbedingungen\/","name":"Nutzungsbedingungen - Zavala 222 Ferienwohnungen","isPartOf":{"@id":"https:\/\/zavala-zavala.com\/de\/#website"},"datePublished":"2020-08-21T12:36:47+00:00","dateModified":"2026-01-19T19:06:22+00:00","description":"F\u00fcr die Reservierung benutzen Sie bitte den Reservierungsantrag oder senden Sie uns eine E-Mail; wir werden in k\u00fcrzestm\u00f6glicher Zeit antworten.","breadcrumb":{"@id":"https:\/\/zavala-zavala.com\/de\/geschaeftsbedingungen\/#breadcrumb"},"inLanguage":"de","potentialAction":[{"@type":"ReadAction","target":["https:\/\/zavala-zavala.com\/de\/geschaeftsbedingungen\/"]}]},{"@type":"BreadcrumbList","@id":"https:\/\/zavala-zavala.com\/de\/geschaeftsbedingungen\/#breadcrumb","itemListElement":[{"@type":"ListItem","position":1,"name":"Home","item":"https:\/\/zavala-zavala.com\/de\/"},{"@type":"ListItem","position":2,"name":"Nutzungsbedingungen"}]},{"@type":"WebSite","@id":"https:\/\/zavala-zavala.com\/de\/#website","url":"https:\/\/zavala-zavala.com\/de\/","name":"Zavala 222 Apartments","description":"Apartmants - Hvar - Croatia","publisher":{"@id":"https:\/\/zavala-zavala.com\/de\/#organization"},"potentialAction":[{"@type":"SearchAction","target":{"@type":"EntryPoint","urlTemplate":"https:\/\/zavala-zavala.com\/de\/?s={search_term_string}"},"query-input":{"@type":"PropertyValueSpecification","valueRequired":true,"valueName":"search_term_string"}}],"inLanguage":"de"},{"@type":"Organization","@id":"https:\/\/zavala-zavala.com\/de\/#organization","name":"Zavala 222 apartments","url":"https:\/\/zavala-zavala.com\/de\/","logo":{"@type":"ImageObject","inLanguage":"de","@id":"https:\/\/zavala-zavala.com\/de\/#\/schema\/logo\/image\/","url":"https:\/\/zavala-zavala.com\/wp-content\/uploads\/2020\/04\/Zavala_222_20_logo.png","contentUrl":"https:\/\/zavala-zavala.com\/wp-content\/uploads\/2020\/04\/Zavala_222_20_logo.png","width":510,"height":240,"caption":"Zavala 222 apartments"},"image":{"@id":"https:\/\/zavala-zavala.com\/de\/#\/schema\/logo\/image\/"},"sameAs":["https:\/\/www.facebook.com\/zavala222apartments\/","https:\/\/www.instagram.com\/zavala222apartments\/"]}]}},"_links":{"self":[{"href":"https:\/\/zavala-zavala.com\/de\/wp-json\/wp\/v2\/pages\/5145","targetHints":{"allow":["GET"]}}],"collection":[{"href":"https:\/\/zavala-zavala.com\/de\/wp-json\/wp\/v2\/pages"}],"about":[{"href":"https:\/\/zavala-zavala.com\/de\/wp-json\/wp\/v2\/types\/page"}],"author":[{"embeddable":true,"href":"https:\/\/zavala-zavala.com\/de\/wp-json\/wp\/v2\/users\/4"}],"replies":[{"embeddable":true,"href":"https:\/\/zavala-zavala.com\/de\/wp-json\/wp\/v2\/comments?post=5145"}],"version-history":[{"count":11,"href":"https:\/\/zavala-zavala.com\/de\/wp-json\/wp\/v2\/pages\/5145\/revisions"}],"predecessor-version":[{"id":6699,"href":"https:\/\/zavala-zavala.com\/de\/wp-json\/wp\/v2\/pages\/5145\/revisions\/6699"}],"wp:attachment":[{"href":"https:\/\/zavala-zavala.com\/de\/wp-json\/wp\/v2\/media?parent=5145"}],"curies":[{"name":"wp","href":"https:\/\/api.w.org\/{rel}","templated":true}]}}