{"id":5475,"date":"2020-09-09T09:47:58","date_gmt":"2020-09-09T09:47:58","guid":{"rendered":"https:\/\/zavala-zavala.com\/kako-nas-pronaci\/"},"modified":"2022-10-18T08:37:51","modified_gmt":"2022-10-18T08:37:51","slug":"kako-nas-pronaci","status":"publish","type":"page","link":"https:\/\/zavala-zavala.com\/hr\/kako-nas-pronaci\/","title":{"rendered":"Kako nas prona\u0107i"},"content":{"rendered":"\t\t<div data-elementor-type=\"wp-page\" data-elementor-id=\"5475\" class=\"elementor elementor-5475 elementor-2332\" data-elementor-post-type=\"page\">\n\t\t\t\t\t\t<section class=\"elementor-section elementor-top-section elementor-element elementor-element-5c6ccdc8 elementor-section-content-middle elementor-reverse-mobile elementor-section-stretched elementor-section-boxed elementor-section-height-default elementor-section-height-default\" data-id=\"5c6ccdc8\" data-element_type=\"section\" data-e-type=\"section\" data-settings=\"{&quot;stretch_section&quot;:&quot;section-stretched&quot;}\">\n\t\t\t\t\t\t<div class=\"elementor-container elementor-column-gap-no\">\n\t\t\t\t\t<div class=\"elementor-column elementor-col-50 elementor-top-column elementor-element elementor-element-527faa09\" data-id=\"527faa09\" data-element_type=\"column\" data-e-type=\"column\">\n\t\t\t<div class=\"elementor-widget-wrap elementor-element-populated\">\n\t\t\t\t\t\t<div class=\"elementor-element elementor-element-70f45b9d elementor-widget elementor-widget-google_maps\" data-id=\"70f45b9d\" data-element_type=\"widget\" data-e-type=\"widget\" data-widget_type=\"google_maps.default\">\n\t\t\t\t<div class=\"elementor-widget-container\">\n\t\t\t\t\t\t\t<div class=\"elementor-custom-embed\">\n\t\t\t<iframe loading=\"lazy\"\n\t\t\t\t\tsrc=\"https:\/\/maps.google.com\/maps?q=Apartmens%20Zavala%20222&#038;t=m&#038;z=16&#038;output=embed&#038;iwloc=near\"\n\t\t\t\t\ttitle=\"Apartmens Zavala 222\"\n\t\t\t\t\taria-label=\"Apartmens Zavala 222\"\n\t\t\t><\/iframe>\n\t\t<\/div>\n\t\t\t\t\t\t<\/div>\n\t\t\t\t<\/div>\n\t\t\t\t\t<\/div>\n\t\t<\/div>\n\t\t\t\t<div class=\"elementor-column elementor-col-50 elementor-top-column elementor-element elementor-element-7adb9d41\" data-id=\"7adb9d41\" data-element_type=\"column\" data-e-type=\"column\">\n\t\t\t<div class=\"elementor-widget-wrap elementor-element-populated\">\n\t\t\t\t\t\t<div class=\"elementor-element elementor-element-42112e11 elementor-widget elementor-widget-heading\" data-id=\"42112e11\" data-element_type=\"widget\" data-e-type=\"widget\" data-widget_type=\"heading.default\">\n\t\t\t\t<div class=\"elementor-widget-container\">\n\t\t\t\t\t<h4 class=\"elementor-heading-title elementor-size-default\">Polo\u017eaj i dolazak<\/h4>\t\t\t\t<\/div>\n\t\t\t\t<\/div>\n\t\t\t\t<div class=\"elementor-element elementor-element-3542ce6 elementor-widget elementor-widget-text-editor\" data-id=\"3542ce6\" data-element_type=\"widget\" data-e-type=\"widget\" data-widget_type=\"text-editor.default\">\n\t\t\t\t<div class=\"elementor-widget-container\">\n\t\t\t\t\t\t\t\t\t<p>Nije nas lako prona\u0107i ali ono \u0161to \u0107ete vidjeti i do\u017eivjeti vrijedi truda. Na Hvar s autom mo\u017eete jedino brodom i to najbolje trajektom iz Splita u Stari Grad (plovidbeni red mo\u017eete vidjeti na <span style=\"color: #049e8e;\"><a style=\"color: #049e8e;\" href=\"http:\/\/www.jadrolinija.hr\/\" target=\"_blank\" rel=\"noopener\">Jadrolinija<\/a><\/span>),<br \/>\na onda autom do Jelse te dalje krivudavom i uskom cestom preko Pitava kroz tunel u Zavalu, otprilike dvadesetak minuta lagane vo\u017enje.<\/p>\n\t\t\t\t\t\t\t\t<\/div>\n\t\t\t\t<\/div>\n\t\t\t\t\t<\/div>\n\t\t<\/div>\n\t\t\t\t\t<\/div>\n\t\t<\/section>\n\t\t\t\t<section class=\"elementor-section elementor-top-section elementor-element elementor-element-36f2761f elementor-section-content-middle elementor-section-stretched elementor-section-boxed elementor-section-height-default elementor-section-height-default\" data-id=\"36f2761f\" data-element_type=\"section\" data-e-type=\"section\" data-settings=\"{&quot;stretch_section&quot;:&quot;section-stretched&quot;}\">\n\t\t\t\t\t\t<div class=\"elementor-container elementor-column-gap-no\">\n\t\t\t\t\t<div class=\"elementor-column elementor-col-50 elementor-top-column elementor-element elementor-element-2e576be1 elementor-invisible\" data-id=\"2e576be1\" data-element_type=\"column\" data-e-type=\"column\" data-settings=\"{&quot;animation&quot;:&quot;fadeInUp&quot;}\">\n\t\t\t<div class=\"elementor-widget-wrap elementor-element-populated\">\n\t\t\t\t\t\t<div class=\"elementor-element elementor-element-15cdf6d0 elementor-widget elementor-widget-heading\" data-id=\"15cdf6d0\" data-element_type=\"widget\" data-e-type=\"widget\" data-widget_type=\"heading.default\">\n\t\t\t\t<div class=\"elementor-widget-container\">\n\t\t\t\t\t<h3 class=\"elementor-heading-title elementor-size-default\">Posljednji metri<\/h3>\t\t\t\t<\/div>\n\t\t\t\t<\/div>\n\t\t\t\t<div class=\"elementor-element elementor-element-6f866177 elementor-widget elementor-widget-text-editor\" data-id=\"6f866177\" data-element_type=\"widget\" data-e-type=\"widget\" data-widget_type=\"text-editor.default\">\n\t\t\t\t<div class=\"elementor-widget-container\">\n\t\t\t\t\t\t\t\t\t<p>Kada ste uspje\u0161no savladali sve prepreke i vidite znak na kojem pi\u0161e &#8220;ZAVALA&#8221; (na ulazu u mjesto) o\u010dekuje vas blagi lijevi zavoj a nakon 30m o\u0161tri zavoj u desno kao serpentina. Treba vje\u017eba da bi se skrenulo iz jednog puta.<\/p>\n<p>Tu je i tabla &#8220;Skalinada&#8221;. Dalje idete kako Vas vodi put, izme\u0111u ku\u0107a lijevo niz poprili\u010dnu nizbrdicu do ra\u010dvanja. Desno se ide prema nama, lijevo prema &#8220;Skalinadi&#8221;. Na dnu nizbrdice je T zavr\u0161etak. Kad ne bi pazili na rupe na cesti vidjeli bi ku\u0107u &#8220;Nautilus-Bay&#8221;.<\/p>\n<p>I opet idete desno sve do kraja puta. Zadnjih 100m bez asfalta.<\/p>\n<p>Ako ste do\u0161li do izdvojene ku\u0107e na blagoj kosini, izme\u0111u borova i okrenutoj prema moru od kojega je udaljena 40m <a href=\"https:\/\/zavala-zavala.com\/hr\/apartmani\/\" target=\"_blank\" rel=\"noopener\"><span style=\"color: #049e8e;\">na pravom ste mjestu<\/span><\/a>.<\/p>\n<p>Parking je iza ku\u0107e.<\/p>\n\t\t\t\t\t\t\t\t<\/div>\n\t\t\t\t<\/div>\n\t\t\t\t\t<\/div>\n\t\t<\/div>\n\t\t\t\t<div class=\"elementor-column elementor-col-50 elementor-top-column elementor-element elementor-element-1cf8ec5\" data-id=\"1cf8ec5\" data-element_type=\"column\" data-e-type=\"column\">\n\t\t\t<div class=\"elementor-widget-wrap elementor-element-populated\">\n\t\t\t\t\t\t<div class=\"elementor-element elementor-element-19a73d7 elementor-skin-slideshow elementor-arrows-yes elementor-widget elementor-widget-media-carousel\" data-id=\"19a73d7\" data-element_type=\"widget\" data-e-type=\"widget\" data-settings=\"{&quot;skin&quot;:&quot;slideshow&quot;,&quot;speed&quot;:600,&quot;autoplay_speed&quot;:6000,&quot;effect&quot;:&quot;slide&quot;,&quot;show_arrows&quot;:&quot;yes&quot;,&quot;autoplay&quot;:&quot;yes&quot;,&quot;loop&quot;:&quot;yes&quot;,&quot;pause_on_hover&quot;:&quot;yes&quot;,&quot;pause_on_interaction&quot;:&quot;yes&quot;,&quot;space_between&quot;:{&quot;unit&quot;:&quot;px&quot;,&quot;size&quot;:10,&quot;sizes&quot;:[]},&quot;space_between_tablet&quot;:{&quot;unit&quot;:&quot;px&quot;,&quot;size&quot;:10,&quot;sizes&quot;:[]},&quot;space_between_mobile&quot;:{&quot;unit&quot;:&quot;px&quot;,&quot;size&quot;:10,&quot;sizes&quot;:[]}}\" data-widget_type=\"media-carousel.default\">\n\t\t\t\t<div class=\"elementor-widget-container\">\n\t\t\t\t\t\t\t\t\t<div class=\"elementor-swiper\">\n\t\t\t\t\t<div class=\"elementor-main-swiper swiper\" role=\"region\" aria-roledescription=\"carousel\" aria-label=\"Slides\">\n\t\t\t\t<div class=\"swiper-wrapper\">\n\t\t\t\t\t\t\t\t\t\t\t<div class=\"swiper-slide\" role=\"group\" aria-roledescription=\"slide\">\n\t\t\t\t\t\t\t\t\t<div class=\"elementor-carousel-image\" role=\"img\" aria-label=\"zavala hvar\" style=\"background-image: url(&#039;https:\/\/zavala-zavala.com\/wp-content\/uploads\/2020\/11\/Zavala-222-Apartments-road-to-Zavala-village-l.jpg&#039;)\">\n\n\t\t\t\n\t\t\t\t\t<\/div>\n\t\t\t\t\t\t\t\t<\/div>\n\t\t\t\t\t\t\t\t\t\t\t<div class=\"swiper-slide\" role=\"group\" aria-roledescription=\"slide\">\n\t\t\t\t\t\t\t\t\t<div class=\"elementor-carousel-image\" role=\"img\" aria-label=\"smje\u0161taj hvar\" style=\"background-image: url(&#039;https:\/\/zavala-zavala.com\/wp-content\/uploads\/2020\/11\/Zavala-222-apartments-directly-by-the-sea-in-Zavala-on-Hvar-1-1.jpg&#039;)\">\n\n\t\t\t\n\t\t\t\t\t<\/div>\n\t\t\t\t\t\t\t\t<\/div>\n\t\t\t\t\t\t\t\t\t\t\t<div class=\"swiper-slide\" role=\"group\" aria-roledescription=\"slide\">\n\t\t\t\t\t\t\t\t\t<div class=\"elementor-carousel-image\" role=\"img\" aria-label=\"zavala 222 apartmani uz more\" style=\"background-image: url(&#039;https:\/\/zavala-zavala.com\/wp-content\/uploads\/2020\/06\/Zavala-222-privat-accomodation-by-the-seashore_1.jpg&#039;)\">\n\n\t\t\t\n\t\t\t\t\t<\/div>\n\t\t\t\t\t\t\t\t<\/div>\n\t\t\t\t\t\t\t\t\t\t\t<div class=\"swiper-slide\" role=\"group\" aria-roledescription=\"slide\">\n\t\t\t\t\t\t\t\t\t<div class=\"elementor-carousel-image\" role=\"img\" aria-label=\"zavala hvar\" style=\"background-image: url(&#039;https:\/\/zavala-zavala.com\/wp-content\/uploads\/2020\/11\/Zavala-222-Apartments-on-the-South-side-of-the-Island-Hvar-1.jpg&#039;)\">\n\n\t\t\t\n\t\t\t\t\t<\/div>\n\t\t\t\t\t\t\t\t<\/div>\n\t\t\t\t\t\t\t\t\t\t\t<div class=\"swiper-slide\" role=\"group\" aria-roledescription=\"slide\">\n\t\t\t\t\t\t\t\t\t<div class=\"elementor-carousel-image\" role=\"img\" aria-label=\"smje\u0161taj hvar\" style=\"background-image: url(&#039;https:\/\/zavala-zavala.com\/wp-content\/uploads\/2020\/05\/Zavala-222-vacation-on-the-island-Hvar-scaled.jpg&#039;)\">\n\n\t\t\t\n\t\t\t\t\t<\/div>\n\t\t\t\t\t\t\t\t<\/div>\n\t\t\t\t\t\t\t\t\t\t\t<div class=\"swiper-slide\" role=\"group\" aria-roledescription=\"slide\">\n\t\t\t\t\t\t\t\t\t<div class=\"elementor-carousel-image\" role=\"img\" aria-label=\"hvar accomodation\" style=\"background-image: url(&#039;https:\/\/zavala-zavala.com\/wp-content\/uploads\/2020\/11\/Zavala-222-holiday-beach-apartments-l-4.jpg&#039;)\">\n\n\t\t\t\n\t\t\t\t\t<\/div>\n\t\t\t\t\t\t\t\t<\/div>\n\t\t\t\t\t\t\t\t\t\t\t<div class=\"swiper-slide\" role=\"group\" aria-roledescription=\"slide\">\n\t\t\t\t\t\t\t\t\t<div class=\"elementor-carousel-image\" role=\"img\" aria-label=\"Zavala 222 the sea in front of the house\" style=\"background-image: url(&#039;https:\/\/zavala-zavala.com\/wp-content\/uploads\/2020\/05\/Zavala-222-the-sea-in-front-of-the-house.jpg&#039;)\">\n\n\t\t\t\n\t\t\t\t\t<\/div>\n\t\t\t\t\t\t\t\t<\/div>\n\t\t\t\t\t\t\t\t\t\t\t<div class=\"swiper-slide\" role=\"group\" aria-roledescription=\"slide\">\n\t\t\t\t\t\t\t\t\t<div class=\"elementor-carousel-image\" role=\"img\" aria-label=\"otok hvar hoteli\" style=\"background-image: url(&#039;https:\/\/zavala-zavala.com\/wp-content\/uploads\/2020\/11\/Zavala-222-Apartments-and-Petarcica-bay-1.jpg&#039;)\">\n\n\t\t\t\n\t\t\t\t\t<\/div>\n\t\t\t\t\t\t\t\t<\/div>\n\t\t\t\t\t\t\t\t\t<\/div>\n\t\t\t\t\t\t\t\t\t\t\t\t\t\t\t<div class=\"elementor-swiper-button elementor-swiper-button-prev\" role=\"button\" tabindex=\"0\" aria-label=\"Previous\">\n\t\t\t\t\t\t\t<i aria-hidden=\"true\" class=\"eicon-chevron-left\"><\/i>\t\t\t\t\t\t<\/div>\n\t\t\t\t\t\t<div class=\"elementor-swiper-button elementor-swiper-button-next\" role=\"button\" tabindex=\"0\" aria-label=\"Next\">\n\t\t\t\t\t\t\t<i aria-hidden=\"true\" class=\"eicon-chevron-right\"><\/i>\t\t\t\t\t\t<\/div>\n\t\t\t\t\t\t\t\t\t\t\t\t\t\t\t\t\t<\/div>\n\t\t\t\t<\/div>\n\t\t\t\t\t\t\t\t<div class=\"elementor-swiper\">\n\t\t\t\t\t<div class=\"elementor-main-swiper swiper elementor-thumbnails-swiper swiper\" role=\"region region\" aria-roledescription=\"carousel carousel\" aria-label=\"Slides Slides\">\n\t\t\t\t<div class=\"swiper-wrapper\">\n\t\t\t\t\t\t\t\t\t\t\t<div class=\"swiper-slide\" role=\"group\" aria-roledescription=\"slide\">\n\t\t\t\t\t\t\t\t\t<div class=\"elementor-carousel-image\" role=\"img\" aria-label=\"zavala hvar\" style=\"background-image: url(&#039;https:\/\/zavala-zavala.com\/wp-content\/uploads\/2020\/11\/Zavala-222-Apartments-road-to-Zavala-village-l.jpg&#039;)\">\n\n\t\t\t\n\t\t\t\t\t<\/div>\n\t\t\t\t\t\t\t\t<\/div>\n\t\t\t\t\t\t\t\t\t\t\t<div class=\"swiper-slide\" role=\"group\" aria-roledescription=\"slide\">\n\t\t\t\t\t\t\t\t\t<div class=\"elementor-carousel-image\" role=\"img\" aria-label=\"smje\u0161taj hvar\" style=\"background-image: url(&#039;https:\/\/zavala-zavala.com\/wp-content\/uploads\/2020\/11\/Zavala-222-apartments-directly-by-the-sea-in-Zavala-on-Hvar-1-1.jpg&#039;)\">\n\n\t\t\t\n\t\t\t\t\t<\/div>\n\t\t\t\t\t\t\t\t<\/div>\n\t\t\t\t\t\t\t\t\t\t\t<div class=\"swiper-slide\" role=\"group\" aria-roledescription=\"slide\">\n\t\t\t\t\t\t\t\t\t<div class=\"elementor-carousel-image\" role=\"img\" aria-label=\"zavala 222 apartmani uz more\" style=\"background-image: url(&#039;https:\/\/zavala-zavala.com\/wp-content\/uploads\/2020\/06\/Zavala-222-privat-accomodation-by-the-seashore_1.jpg&#039;)\">\n\n\t\t\t\n\t\t\t\t\t<\/div>\n\t\t\t\t\t\t\t\t<\/div>\n\t\t\t\t\t\t\t\t\t\t\t<div class=\"swiper-slide\" role=\"group\" aria-roledescription=\"slide\">\n\t\t\t\t\t\t\t\t\t<div class=\"elementor-carousel-image\" role=\"img\" aria-label=\"zavala hvar\" style=\"background-image: url(&#039;https:\/\/zavala-zavala.com\/wp-content\/uploads\/2020\/11\/Zavala-222-Apartments-on-the-South-side-of-the-Island-Hvar-1.jpg&#039;)\">\n\n\t\t\t\n\t\t\t\t\t<\/div>\n\t\t\t\t\t\t\t\t<\/div>\n\t\t\t\t\t\t\t\t\t\t\t<div class=\"swiper-slide\" role=\"group\" aria-roledescription=\"slide\">\n\t\t\t\t\t\t\t\t\t<div class=\"elementor-carousel-image\" role=\"img\" aria-label=\"smje\u0161taj hvar\" style=\"background-image: url(&#039;https:\/\/zavala-zavala.com\/wp-content\/uploads\/2020\/05\/Zavala-222-vacation-on-the-island-Hvar-scaled.jpg&#039;)\">\n\n\t\t\t\n\t\t\t\t\t<\/div>\n\t\t\t\t\t\t\t\t<\/div>\n\t\t\t\t\t\t\t\t\t\t\t<div class=\"swiper-slide\" role=\"group\" aria-roledescription=\"slide\">\n\t\t\t\t\t\t\t\t\t<div class=\"elementor-carousel-image\" role=\"img\" aria-label=\"hvar accomodation\" style=\"background-image: url(&#039;https:\/\/zavala-zavala.com\/wp-content\/uploads\/2020\/11\/Zavala-222-holiday-beach-apartments-l-4.jpg&#039;)\">\n\n\t\t\t\n\t\t\t\t\t<\/div>\n\t\t\t\t\t\t\t\t<\/div>\n\t\t\t\t\t\t\t\t\t\t\t<div class=\"swiper-slide\" role=\"group\" aria-roledescription=\"slide\">\n\t\t\t\t\t\t\t\t\t<div class=\"elementor-carousel-image\" role=\"img\" aria-label=\"Zavala 222 the sea in front of the house\" style=\"background-image: url(&#039;https:\/\/zavala-zavala.com\/wp-content\/uploads\/2020\/05\/Zavala-222-the-sea-in-front-of-the-house.jpg&#039;)\">\n\n\t\t\t\n\t\t\t\t\t<\/div>\n\t\t\t\t\t\t\t\t<\/div>\n\t\t\t\t\t\t\t\t\t\t\t<div class=\"swiper-slide\" role=\"group\" aria-roledescription=\"slide\">\n\t\t\t\t\t\t\t\t\t<div class=\"elementor-carousel-image\" role=\"img\" aria-label=\"otok hvar hoteli\" style=\"background-image: url(&#039;https:\/\/zavala-zavala.com\/wp-content\/uploads\/2020\/11\/Zavala-222-Apartments-and-Petarcica-bay-1.jpg&#039;)\">\n\n\t\t\t\n\t\t\t\t\t<\/div>\n\t\t\t\t\t\t\t\t<\/div>\n\t\t\t\t\t\t\t\t\t<\/div>\n\t\t\t\t\t\t\t\t\t\t\t\t\t\t\t\t\t\t\t\t\t<\/div>\n\t\t\t\t<\/div>\n\t\t\t\t\t\t\t\t<\/div>\n\t\t\t\t<\/div>\n\t\t\t\t\t<\/div>\n\t\t<\/div>\n\t\t\t\t\t<\/div>\n\t\t<\/section>\n\t\t\t\t<\/div>\n\t\t","protected":false},"excerpt":{"rendered":"<p>Polo\u017eaj i dolazak Nije nas lako prona\u0107i ali ono \u0161to \u0107ete vidjeti i do\u017eivjeti vrijedi truda. Na Hvar s autom mo\u017eete jedino brodom i to najbolje trajektom iz Splita u Stari Grad (plovidbeni red mo\u017eete vidjeti na Jadrolinija), a onda autom do Jelse te dalje krivudavom i uskom cestom preko Pitava kroz tunel u Zavalu, [&hellip;]<\/p>\n","protected":false},"author":4,"featured_media":5098,"parent":0,"menu_order":0,"comment_status":"closed","ping_status":"closed","template":"","meta":{"footnotes":""},"class_list":["post-5475","page","type-page","status-publish","has-post-thumbnail","hentry"],"yoast_head":"<!-- This site is optimized with the Yoast SEO plugin v24.4 - https:\/\/yoast.com\/wordpress\/plugins\/seo\/ -->\n<title>Kako nas prona\u0107i - Jednom kada svladate sve prepreke.<\/title>\n<meta name=\"description\" content=\"Nije nas lako prona\u0107i ali ono \u0161to \u0107ete vidjeti i do\u017eivjeti vrijedi truda.\" \/>\n<meta name=\"robots\" content=\"index, follow, max-snippet:-1, max-image-preview:large, max-video-preview:-1\" \/>\n<link rel=\"canonical\" href=\"https:\/\/zavala-zavala.com\/hr\/kako-nas-pronaci\/\" \/>\n<meta property=\"og:locale\" content=\"hr_HR\" \/>\n<meta property=\"og:type\" content=\"article\" \/>\n<meta property=\"og:title\" content=\"Kako nas prona\u0107i - Jednom kada svladate sve prepreke.\" \/>\n<meta property=\"og:description\" content=\"Nije nas lako prona\u0107i ali ono \u0161to \u0107ete vidjeti i do\u017eivjeti vrijedi truda.\" \/>\n<meta property=\"og:url\" content=\"https:\/\/zavala-zavala.com\/hr\/kako-nas-pronaci\/\" \/>\n<meta property=\"og:site_name\" content=\"Zavala 222\" \/>\n<meta property=\"article:publisher\" content=\"https:\/\/www.facebook.com\/zavala222apartments\/\" \/>\n<meta property=\"article:modified_time\" content=\"2022-10-18T08:37:51+00:00\" \/>\n<meta property=\"og:image\" content=\"https:\/\/zavala-zavala.com\/wp-content\/uploads\/2020\/07\/Zavala-222-apartments-directly-on-the-beach-min-scaled.jpg\" \/>\n\t<meta property=\"og:image:width\" content=\"2560\" \/>\n\t<meta property=\"og:image:height\" content=\"1705\" \/>\n\t<meta property=\"og:image:type\" content=\"image\/jpeg\" \/>\n<meta name=\"twitter:card\" content=\"summary_large_image\" \/>\n<meta name=\"twitter:label1\" content=\"Procijenjeno vrijeme \u010ditanja\" \/>\n\t<meta name=\"twitter:data1\" content=\"1 minuta\" \/>\n<!-- \/ Yoast SEO plugin. -->","yoast_head_json":{"title":"Kako nas prona\u0107i - Jednom kada svladate sve prepreke.","description":"Nije nas lako prona\u0107i ali ono \u0161to \u0107ete vidjeti i do\u017eivjeti vrijedi truda.","robots":{"index":"index","follow":"follow","max-snippet":"max-snippet:-1","max-image-preview":"max-image-preview:large","max-video-preview":"max-video-preview:-1"},"canonical":"https:\/\/zavala-zavala.com\/hr\/kako-nas-pronaci\/","og_locale":"hr_HR","og_type":"article","og_title":"Kako nas prona\u0107i - Jednom kada svladate sve prepreke.","og_description":"Nije nas lako prona\u0107i ali ono \u0161to \u0107ete vidjeti i do\u017eivjeti vrijedi truda.","og_url":"https:\/\/zavala-zavala.com\/hr\/kako-nas-pronaci\/","og_site_name":"Zavala 222","article_publisher":"https:\/\/www.facebook.com\/zavala222apartments\/","article_modified_time":"2022-10-18T08:37:51+00:00","og_image":[{"width":2560,"height":1705,"url":"https:\/\/zavala-zavala.com\/wp-content\/uploads\/2020\/07\/Zavala-222-apartments-directly-on-the-beach-min-scaled.jpg","type":"image\/jpeg"}],"twitter_card":"summary_large_image","twitter_misc":{"Procijenjeno vrijeme \u010ditanja":"1 minuta"},"schema":{"@context":"https:\/\/schema.org","@graph":[{"@type":"WebPage","@id":"https:\/\/zavala-zavala.com\/hr\/kako-nas-pronaci\/","url":"https:\/\/zavala-zavala.com\/hr\/kako-nas-pronaci\/","name":"Kako nas prona\u0107i - Jednom kada svladate sve prepreke.","isPartOf":{"@id":"https:\/\/zavala-zavala.com\/hr\/#website"},"primaryImageOfPage":{"@id":"https:\/\/zavala-zavala.com\/hr\/kako-nas-pronaci\/#primaryimage"},"image":{"@id":"https:\/\/zavala-zavala.com\/hr\/kako-nas-pronaci\/#primaryimage"},"thumbnailUrl":"https:\/\/zavala-zavala.com\/wp-content\/uploads\/2020\/07\/Zavala-222-apartments-directly-on-the-beach-min-scaled.jpg","datePublished":"2020-09-09T09:47:58+00:00","dateModified":"2022-10-18T08:37:51+00:00","description":"Nije nas lako prona\u0107i ali ono \u0161to \u0107ete vidjeti i do\u017eivjeti vrijedi truda.","breadcrumb":{"@id":"https:\/\/zavala-zavala.com\/hr\/kako-nas-pronaci\/#breadcrumb"},"inLanguage":"hr","potentialAction":[{"@type":"ReadAction","target":["https:\/\/zavala-zavala.com\/hr\/kako-nas-pronaci\/"]}]},{"@type":"ImageObject","inLanguage":"hr","@id":"https:\/\/zavala-zavala.com\/hr\/kako-nas-pronaci\/#primaryimage","url":"https:\/\/zavala-zavala.com\/wp-content\/uploads\/2020\/07\/Zavala-222-apartments-directly-on-the-beach-min-scaled.jpg","contentUrl":"https:\/\/zavala-zavala.com\/wp-content\/uploads\/2020\/07\/Zavala-222-apartments-directly-on-the-beach-min-scaled.jpg","width":2560,"height":1705},{"@type":"BreadcrumbList","@id":"https:\/\/zavala-zavala.com\/hr\/kako-nas-pronaci\/#breadcrumb","itemListElement":[{"@type":"ListItem","position":1,"name":"Home","item":"https:\/\/zavala-zavala.com\/hr\/"},{"@type":"ListItem","position":2,"name":"Kako nas prona\u0107i"}]},{"@type":"WebSite","@id":"https:\/\/zavala-zavala.com\/hr\/#website","url":"https:\/\/zavala-zavala.com\/hr\/","name":"Zavala 222 Apartments","description":"Apartmants - Hvar - Croatia","publisher":{"@id":"https:\/\/zavala-zavala.com\/hr\/#organization"},"potentialAction":[{"@type":"SearchAction","target":{"@type":"EntryPoint","urlTemplate":"https:\/\/zavala-zavala.com\/hr\/?s={search_term_string}"},"query-input":{"@type":"PropertyValueSpecification","valueRequired":true,"valueName":"search_term_string"}}],"inLanguage":"hr"},{"@type":"Organization","@id":"https:\/\/zavala-zavala.com\/hr\/#organization","name":"Zavala 222 apartments","url":"https:\/\/zavala-zavala.com\/hr\/","logo":{"@type":"ImageObject","inLanguage":"hr","@id":"https:\/\/zavala-zavala.com\/hr\/#\/schema\/logo\/image\/","url":"https:\/\/zavala-zavala.com\/wp-content\/uploads\/2020\/04\/Zavala_222_20_logo.png","contentUrl":"https:\/\/zavala-zavala.com\/wp-content\/uploads\/2020\/04\/Zavala_222_20_logo.png","width":510,"height":240,"caption":"Zavala 222 apartments"},"image":{"@id":"https:\/\/zavala-zavala.com\/hr\/#\/schema\/logo\/image\/"},"sameAs":["https:\/\/www.facebook.com\/zavala222apartments\/","https:\/\/www.instagram.com\/zavala222apartments\/"]}]}},"_links":{"self":[{"href":"https:\/\/zavala-zavala.com\/hr\/wp-json\/wp\/v2\/pages\/5475","targetHints":{"allow":["GET"]}}],"collection":[{"href":"https:\/\/zavala-zavala.com\/hr\/wp-json\/wp\/v2\/pages"}],"about":[{"href":"https:\/\/zavala-zavala.com\/hr\/wp-json\/wp\/v2\/types\/page"}],"author":[{"embeddable":true,"href":"https:\/\/zavala-zavala.com\/hr\/wp-json\/wp\/v2\/users\/4"}],"replies":[{"embeddable":true,"href":"https:\/\/zavala-zavala.com\/hr\/wp-json\/wp\/v2\/comments?post=5475"}],"version-history":[{"count":4,"href":"https:\/\/zavala-zavala.com\/hr\/wp-json\/wp\/v2\/pages\/5475\/revisions"}],"predecessor-version":[{"id":6107,"href":"https:\/\/zavala-zavala.com\/hr\/wp-json\/wp\/v2\/pages\/5475\/revisions\/6107"}],"wp:featuredmedia":[{"embeddable":true,"href":"https:\/\/zavala-zavala.com\/hr\/wp-json\/wp\/v2\/media\/5098"}],"wp:attachment":[{"href":"https:\/\/zavala-zavala.com\/hr\/wp-json\/wp\/v2\/media?parent=5475"}],"curies":[{"name":"wp","href":"https:\/\/api.w.org\/{rel}","templated":true}]}}