{"id":5480,"date":"2020-09-09T09:54:30","date_gmt":"2020-09-09T09:54:30","guid":{"rendered":"https:\/\/zavala-zavala.com\/uvjeti-koristenja\/"},"modified":"2026-01-19T19:05:59","modified_gmt":"2026-01-19T19:05:59","slug":"uvjeti-koristenja","status":"publish","type":"page","link":"https:\/\/zavala-zavala.com\/hr\/uvjeti-koristenja\/","title":{"rendered":"Uvjeti kori\u0161tenja"},"content":{"rendered":"\t\t<div data-elementor-type=\"wp-page\" data-elementor-id=\"5480\" class=\"elementor elementor-5480 elementor-2338\" data-elementor-post-type=\"page\">\n\t\t\t\t\t\t<section class=\"elementor-section elementor-top-section elementor-element elementor-element-5e857cd9 elementor-section-content-middle elementor-section-stretched elementor-section-boxed elementor-section-height-default elementor-section-height-default\" data-id=\"5e857cd9\" data-element_type=\"section\" data-e-type=\"section\" data-settings=\"{&quot;stretch_section&quot;:&quot;section-stretched&quot;}\">\n\t\t\t\t\t\t<div class=\"elementor-container elementor-column-gap-no\">\n\t\t\t\t\t<div class=\"elementor-column elementor-col-100 elementor-top-column elementor-element elementor-element-5955970e\" data-id=\"5955970e\" data-element_type=\"column\" data-e-type=\"column\">\n\t\t\t<div class=\"elementor-widget-wrap elementor-element-populated\">\n\t\t\t\t\t\t<div class=\"elementor-element elementor-element-1a394599 elementor-widget elementor-widget-heading\" data-id=\"1a394599\" data-element_type=\"widget\" data-e-type=\"widget\" data-widget_type=\"heading.default\">\n\t\t\t\t<div class=\"elementor-widget-container\">\n\t\t\t\t\t<h4 class=\"elementor-heading-title elementor-size-default\">Uvjeti kori\u0161tenja<\/h4>\t\t\t\t<\/div>\n\t\t\t\t<\/div>\n\t\t\t\t\t<\/div>\n\t\t<\/div>\n\t\t\t\t\t<\/div>\n\t\t<\/section>\n\t\t\t\t<section class=\"elementor-section elementor-top-section elementor-element elementor-element-2951b999 elementor-section-content-top elementor-section-stretched elementor-section-boxed elementor-section-height-default elementor-section-height-default\" data-id=\"2951b999\" data-element_type=\"section\" data-e-type=\"section\" data-settings=\"{&quot;stretch_section&quot;:&quot;section-stretched&quot;}\">\n\t\t\t\t\t\t<div class=\"elementor-container elementor-column-gap-no\">\n\t\t\t\t\t<div class=\"elementor-column elementor-col-50 elementor-top-column elementor-element elementor-element-2a278176\" data-id=\"2a278176\" data-element_type=\"column\" data-e-type=\"column\">\n\t\t\t<div class=\"elementor-widget-wrap elementor-element-populated\">\n\t\t\t\t\t\t<div class=\"elementor-element elementor-element-11cb0657 elementor-widget elementor-widget-toggle\" data-id=\"11cb0657\" data-element_type=\"widget\" data-e-type=\"widget\" data-widget_type=\"toggle.default\">\n\t\t\t\t<div class=\"elementor-widget-container\">\n\t\t\t\t\t\t\t<div class=\"elementor-toggle\">\n\t\t\t\t\t\t\t<div class=\"elementor-toggle-item\">\n\t\t\t\t\t<div id=\"elementor-tab-title-2981\" class=\"elementor-tab-title\" data-tab=\"1\" role=\"button\" aria-controls=\"elementor-tab-content-2981\" aria-expanded=\"false\">\n\t\t\t\t\t\t\t\t\t\t\t\t<span class=\"elementor-toggle-icon elementor-toggle-icon-right\" aria-hidden=\"true\">\n\t\t\t\t\t\t\t\t\t\t\t\t\t\t\t<span class=\"elementor-toggle-icon-closed\"><i class=\"fas fa-chevron-down\"><\/i><\/span>\n\t\t\t\t\t\t\t\t<span class=\"elementor-toggle-icon-opened\"><i class=\"elementor-toggle-icon-opened fas fa-chevron-up\"><\/i><\/span>\n\t\t\t\t\t\t\t\t\t\t\t\t\t<\/span>\n\t\t\t\t\t\t\t\t\t\t\t\t<a class=\"elementor-toggle-title\" tabindex=\"0\">Ku\u0107ni red<\/a>\n\t\t\t\t\t<\/div>\n\n\t\t\t\t\t<div id=\"elementor-tab-content-2981\" class=\"elementor-tab-content elementor-clearfix\" data-tab=\"1\" role=\"region\" aria-labelledby=\"elementor-tab-title-2981\"><p>U sezoni dolazak i odlazak gostiju je subotom i nedjeljom. U predsezoni i pod sezoni dani dolaska i odlaska nisu strogo odre\u0111eni.<\/p>\n<p><strong>Prijava je nakon 16:00h<\/strong><br \/>\nKako bi Vas mogli do\u010dekati u Va\u0161em smje\u0161taju, po\u0161aljite nam SMS, najbolje kada se ukrcate na trajekt.<\/p>\n<p><strong>Odjava je do 10:00h<\/strong><br \/>\nKako bi osigurali postupak \u010di\u0161\u0107enja, smje\u0161taj se mora napustiti najkasnije do 10:00h.<\/p>\n<p>Ku\u0107ni ljubimci nisu dopu\u0161teni.<\/p>\n<p>U slu\u010daju o\u0161te\u0107enja opreme apartmana, krivnjom gosta, gost je du\u017ean obavijestiti doma\u0107ina i nadoknaditi \u0161tetu.<\/p>\n<\/div>\n\t\t\t\t<\/div>\n\t\t\t\t\t\t\t\t<\/div>\n\t\t\t\t\t\t<\/div>\n\t\t\t\t<\/div>\n\t\t\t\t<div class=\"elementor-element elementor-element-7fc01dd elementor-widget elementor-widget-toggle\" data-id=\"7fc01dd\" data-element_type=\"widget\" data-e-type=\"widget\" data-widget_type=\"toggle.default\">\n\t\t\t\t<div class=\"elementor-widget-container\">\n\t\t\t\t\t\t\t<div class=\"elementor-toggle\">\n\t\t\t\t\t\t\t<div class=\"elementor-toggle-item\">\n\t\t\t\t\t<div id=\"elementor-tab-title-1331\" class=\"elementor-tab-title\" data-tab=\"1\" role=\"button\" aria-controls=\"elementor-tab-content-1331\" aria-expanded=\"false\">\n\t\t\t\t\t\t\t\t\t\t\t\t<span class=\"elementor-toggle-icon elementor-toggle-icon-right\" aria-hidden=\"true\">\n\t\t\t\t\t\t\t\t\t\t\t\t\t\t\t<span class=\"elementor-toggle-icon-closed\"><i class=\"fas fa-chevron-down\"><\/i><\/span>\n\t\t\t\t\t\t\t\t<span class=\"elementor-toggle-icon-opened\"><i class=\"elementor-toggle-icon-opened fas fa-chevron-up\"><\/i><\/span>\n\t\t\t\t\t\t\t\t\t\t\t\t\t<\/span>\n\t\t\t\t\t\t\t\t\t\t\t\t<a class=\"elementor-toggle-title\" tabindex=\"0\">Doplata<\/a>\n\t\t\t\t\t<\/div>\n\n\t\t\t\t\t<div id=\"elementor-tab-content-1331\" class=\"elementor-tab-content elementor-clearfix\" data-tab=\"1\" role=\"region\" aria-labelledby=\"elementor-tab-title-1331\"><p>Kori\u0161tenje klime nije obavezno i napla\u0107uje se posebno: 50 EUR\/tjedan.<\/p>\n<p>Zavr\u0161no \u010di\u0161\u0107enje 50 EUR.<\/p>\n<\/div>\n\t\t\t\t<\/div>\n\t\t\t\t\t\t\t\t<\/div>\n\t\t\t\t\t\t<\/div>\n\t\t\t\t<\/div>\n\t\t\t\t\t<\/div>\n\t\t<\/div>\n\t\t\t\t<div class=\"elementor-column elementor-col-50 elementor-top-column elementor-element elementor-element-4514e6a\" data-id=\"4514e6a\" data-element_type=\"column\" data-e-type=\"column\">\n\t\t\t<div class=\"elementor-widget-wrap elementor-element-populated\">\n\t\t\t\t\t\t<div class=\"elementor-element elementor-element-03f31e7 elementor-widget elementor-widget-toggle\" data-id=\"03f31e7\" data-element_type=\"widget\" data-e-type=\"widget\" data-widget_type=\"toggle.default\">\n\t\t\t\t<div class=\"elementor-widget-container\">\n\t\t\t\t\t\t\t<div class=\"elementor-toggle\">\n\t\t\t\t\t\t\t<div class=\"elementor-toggle-item\">\n\t\t\t\t\t<div id=\"elementor-tab-title-4141\" class=\"elementor-tab-title\" data-tab=\"1\" role=\"button\" aria-controls=\"elementor-tab-content-4141\" aria-expanded=\"false\">\n\t\t\t\t\t\t\t\t\t\t\t\t<span class=\"elementor-toggle-icon elementor-toggle-icon-right\" aria-hidden=\"true\">\n\t\t\t\t\t\t\t\t\t\t\t\t\t\t\t<span class=\"elementor-toggle-icon-closed\"><i class=\"fas fa-chevron-down\"><\/i><\/span>\n\t\t\t\t\t\t\t\t<span class=\"elementor-toggle-icon-opened\"><i class=\"elementor-toggle-icon-opened fas fa-chevron-up\"><\/i><\/span>\n\t\t\t\t\t\t\t\t\t\t\t\t\t<\/span>\n\t\t\t\t\t\t\t\t\t\t\t\t<a class=\"elementor-toggle-title\" tabindex=\"0\">U cijenu je uklju\u010deno<\/a>\n\t\t\t\t\t<\/div>\n\n\t\t\t\t\t<div id=\"elementor-tab-content-4141\" class=\"elementor-tab-content elementor-clearfix\" data-tab=\"1\" role=\"region\" aria-labelledby=\"elementor-tab-title-4141\"><p>Mijenjanje posteljine jedan put tjedno i mijenjanje ru\u010dnika dva puta tjedno.<\/p>\n<p>Kori\u0161tenje le\u017ealjki i suncobrana.<\/p>\n<p>Jedno parkirno mjesto.<\/p>\n<p>Ro\u0161tilj.<\/p>\n<p>Kori\u0161tenje Wi-Fi.<\/p>\n<\/div>\n\t\t\t\t<\/div>\n\t\t\t\t\t\t\t\t<\/div>\n\t\t\t\t\t\t<\/div>\n\t\t\t\t<\/div>\n\t\t\t\t<div class=\"elementor-element elementor-element-31c2bde elementor-widget elementor-widget-toggle\" data-id=\"31c2bde\" data-element_type=\"widget\" data-e-type=\"widget\" data-widget_type=\"toggle.default\">\n\t\t\t\t<div class=\"elementor-widget-container\">\n\t\t\t\t\t\t\t<div class=\"elementor-toggle\">\n\t\t\t\t\t\t\t<div class=\"elementor-toggle-item\">\n\t\t\t\t\t<div id=\"elementor-tab-title-5211\" class=\"elementor-tab-title\" data-tab=\"1\" role=\"button\" aria-controls=\"elementor-tab-content-5211\" aria-expanded=\"false\">\n\t\t\t\t\t\t\t\t\t\t\t\t<span class=\"elementor-toggle-icon elementor-toggle-icon-right\" aria-hidden=\"true\">\n\t\t\t\t\t\t\t\t\t\t\t\t\t\t\t<span class=\"elementor-toggle-icon-closed\"><i class=\"fas fa-chevron-down\"><\/i><\/span>\n\t\t\t\t\t\t\t\t<span class=\"elementor-toggle-icon-opened\"><i class=\"elementor-toggle-icon-opened fas fa-chevron-up\"><\/i><\/span>\n\t\t\t\t\t\t\t\t\t\t\t\t\t<\/span>\n\t\t\t\t\t\t\t\t\t\t\t\t<a class=\"elementor-toggle-title\" tabindex=\"0\">Rezervacija i uvjeti pla\u0107anja<\/a>\n\t\t\t\t\t<\/div>\n\n\t\t\t\t\t<div id=\"elementor-tab-content-5211\" class=\"elementor-tab-content elementor-clearfix\" data-tab=\"1\" role=\"region\" aria-labelledby=\"elementor-tab-title-5211\"><p>Za rezervaciju upotrijebite na\u0161 zahtjev za rezervaciju ili nam po\u0161aljite elektri\u010dnu po\u0161tu i mi \u0107emo vas kontaktirati u najkra\u0107em mogu\u0107em roku.<\/p>\n<p>Rezervacija se potvr\u0111uje uplatom akontacije u iznosu od 30%.<\/p>\n<p>Preostali iznos mo\u017eete platiti prije ili kada do\u0111ete u Zavalu gotovinom ili putem internetskog bankarstva. Na\u017ealost, ne prihva\u0107amo kreditne kartice.<\/p>\n<p>U slu\u010daju kasnijeg dolaska ili ranijeg odlaska napla\u0107uju se svi rezervirani dani po normalnoj cijeni.<\/p>\n<p>U slu\u010daju otkaza minimalno 30 dana prije dolaska, akontacija \u0107e biti vra\u0107ena.<\/p>\n<p>Gostima preporu\u010damo da ugovore policu putnog osiguranja.<\/p>\n<\/div>\n\t\t\t\t<\/div>\n\t\t\t\t\t\t\t\t<\/div>\n\t\t\t\t\t\t<\/div>\n\t\t\t\t<\/div>\n\t\t\t\t\t<\/div>\n\t\t<\/div>\n\t\t\t\t\t<\/div>\n\t\t<\/section>\n\t\t\t\t<\/div>\n\t\t","protected":false},"excerpt":{"rendered":"<p>Uvjeti kori\u0161tenja Ku\u0107ni red U sezoni dolazak i odlazak gostiju je subotom i nedjeljom. U predsezoni i pod sezoni dani dolaska i odlaska nisu strogo odre\u0111eni. Prijava je nakon 16:00h Kako bi Vas mogli do\u010dekati u Va\u0161em smje\u0161taju, po\u0161aljite nam SMS, najbolje kada se ukrcate na trajekt. Odjava je do 10:00h Kako bi osigurali postupak [&hellip;]<\/p>\n","protected":false},"author":4,"featured_media":0,"parent":0,"menu_order":0,"comment_status":"closed","ping_status":"closed","template":"","meta":{"footnotes":""},"class_list":["post-5480","page","type-page","status-publish","hentry"],"yoast_head":"<!-- This site is optimized with the Yoast SEO plugin v24.4 - https:\/\/yoast.com\/wordpress\/plugins\/seo\/ -->\n<title>Uvjeti kori\u0161tenja - Zavala 222 privatni smje\u0161taj<\/title>\n<meta name=\"description\" content=\"Za rezervaciju upotrijebite na\u0161 zahtjev za rezervaciju ili nam po\u0161aljite elektri\u010dnu po\u0161tu i mi \u0107emo vas kontaktirati u najkra\u0107em mogu\u0107em roku.\" \/>\n<meta name=\"robots\" content=\"index, follow, max-snippet:-1, max-image-preview:large, max-video-preview:-1\" \/>\n<link rel=\"canonical\" href=\"https:\/\/zavala-zavala.com\/hr\/uvjeti-koristenja\/\" \/>\n<meta property=\"og:locale\" content=\"hr_HR\" \/>\n<meta property=\"og:type\" content=\"article\" \/>\n<meta property=\"og:title\" content=\"Uvjeti kori\u0161tenja - Zavala 222 privatni smje\u0161taj\" \/>\n<meta property=\"og:description\" content=\"Za rezervaciju upotrijebite na\u0161 zahtjev za rezervaciju ili nam po\u0161aljite elektri\u010dnu po\u0161tu i mi \u0107emo vas kontaktirati u najkra\u0107em mogu\u0107em roku.\" \/>\n<meta property=\"og:url\" content=\"https:\/\/zavala-zavala.com\/hr\/uvjeti-koristenja\/\" \/>\n<meta property=\"og:site_name\" content=\"Zavala 222\" \/>\n<meta property=\"article:publisher\" content=\"https:\/\/www.facebook.com\/zavala222apartments\/\" \/>\n<meta property=\"article:modified_time\" content=\"2026-01-19T19:05:59+00:00\" \/>\n<meta name=\"twitter:card\" content=\"summary_large_image\" \/>\n<meta name=\"twitter:label1\" content=\"Procijenjeno vrijeme \u010ditanja\" \/>\n\t<meta name=\"twitter:data1\" content=\"1 minuta\" \/>\n<!-- \/ Yoast SEO plugin. -->","yoast_head_json":{"title":"Uvjeti kori\u0161tenja - Zavala 222 privatni smje\u0161taj","description":"Za rezervaciju upotrijebite na\u0161 zahtjev za rezervaciju ili nam po\u0161aljite elektri\u010dnu po\u0161tu i mi \u0107emo vas kontaktirati u najkra\u0107em mogu\u0107em roku.","robots":{"index":"index","follow":"follow","max-snippet":"max-snippet:-1","max-image-preview":"max-image-preview:large","max-video-preview":"max-video-preview:-1"},"canonical":"https:\/\/zavala-zavala.com\/hr\/uvjeti-koristenja\/","og_locale":"hr_HR","og_type":"article","og_title":"Uvjeti kori\u0161tenja - Zavala 222 privatni smje\u0161taj","og_description":"Za rezervaciju upotrijebite na\u0161 zahtjev za rezervaciju ili nam po\u0161aljite elektri\u010dnu po\u0161tu i mi \u0107emo vas kontaktirati u najkra\u0107em mogu\u0107em roku.","og_url":"https:\/\/zavala-zavala.com\/hr\/uvjeti-koristenja\/","og_site_name":"Zavala 222","article_publisher":"https:\/\/www.facebook.com\/zavala222apartments\/","article_modified_time":"2026-01-19T19:05:59+00:00","twitter_card":"summary_large_image","twitter_misc":{"Procijenjeno vrijeme \u010ditanja":"1 minuta"},"schema":{"@context":"https:\/\/schema.org","@graph":[{"@type":"WebPage","@id":"https:\/\/zavala-zavala.com\/hr\/uvjeti-koristenja\/","url":"https:\/\/zavala-zavala.com\/hr\/uvjeti-koristenja\/","name":"Uvjeti kori\u0161tenja - Zavala 222 privatni smje\u0161taj","isPartOf":{"@id":"https:\/\/zavala-zavala.com\/hr\/#website"},"datePublished":"2020-09-09T09:54:30+00:00","dateModified":"2026-01-19T19:05:59+00:00","description":"Za rezervaciju upotrijebite na\u0161 zahtjev za rezervaciju ili nam po\u0161aljite elektri\u010dnu po\u0161tu i mi \u0107emo vas kontaktirati u najkra\u0107em mogu\u0107em roku.","breadcrumb":{"@id":"https:\/\/zavala-zavala.com\/hr\/uvjeti-koristenja\/#breadcrumb"},"inLanguage":"hr","potentialAction":[{"@type":"ReadAction","target":["https:\/\/zavala-zavala.com\/hr\/uvjeti-koristenja\/"]}]},{"@type":"BreadcrumbList","@id":"https:\/\/zavala-zavala.com\/hr\/uvjeti-koristenja\/#breadcrumb","itemListElement":[{"@type":"ListItem","position":1,"name":"Home","item":"https:\/\/zavala-zavala.com\/hr\/"},{"@type":"ListItem","position":2,"name":"Uvjeti kori\u0161tenja"}]},{"@type":"WebSite","@id":"https:\/\/zavala-zavala.com\/hr\/#website","url":"https:\/\/zavala-zavala.com\/hr\/","name":"Zavala 222 Apartments","description":"Apartmants - Hvar - Croatia","publisher":{"@id":"https:\/\/zavala-zavala.com\/hr\/#organization"},"potentialAction":[{"@type":"SearchAction","target":{"@type":"EntryPoint","urlTemplate":"https:\/\/zavala-zavala.com\/hr\/?s={search_term_string}"},"query-input":{"@type":"PropertyValueSpecification","valueRequired":true,"valueName":"search_term_string"}}],"inLanguage":"hr"},{"@type":"Organization","@id":"https:\/\/zavala-zavala.com\/hr\/#organization","name":"Zavala 222 apartments","url":"https:\/\/zavala-zavala.com\/hr\/","logo":{"@type":"ImageObject","inLanguage":"hr","@id":"https:\/\/zavala-zavala.com\/hr\/#\/schema\/logo\/image\/","url":"https:\/\/zavala-zavala.com\/wp-content\/uploads\/2020\/04\/Zavala_222_20_logo.png","contentUrl":"https:\/\/zavala-zavala.com\/wp-content\/uploads\/2020\/04\/Zavala_222_20_logo.png","width":510,"height":240,"caption":"Zavala 222 apartments"},"image":{"@id":"https:\/\/zavala-zavala.com\/hr\/#\/schema\/logo\/image\/"},"sameAs":["https:\/\/www.facebook.com\/zavala222apartments\/","https:\/\/www.instagram.com\/zavala222apartments\/"]}]}},"_links":{"self":[{"href":"https:\/\/zavala-zavala.com\/hr\/wp-json\/wp\/v2\/pages\/5480","targetHints":{"allow":["GET"]}}],"collection":[{"href":"https:\/\/zavala-zavala.com\/hr\/wp-json\/wp\/v2\/pages"}],"about":[{"href":"https:\/\/zavala-zavala.com\/hr\/wp-json\/wp\/v2\/types\/page"}],"author":[{"embeddable":true,"href":"https:\/\/zavala-zavala.com\/hr\/wp-json\/wp\/v2\/users\/4"}],"replies":[{"embeddable":true,"href":"https:\/\/zavala-zavala.com\/hr\/wp-json\/wp\/v2\/comments?post=5480"}],"version-history":[{"count":8,"href":"https:\/\/zavala-zavala.com\/hr\/wp-json\/wp\/v2\/pages\/5480\/revisions"}],"predecessor-version":[{"id":6698,"href":"https:\/\/zavala-zavala.com\/hr\/wp-json\/wp\/v2\/pages\/5480\/revisions\/6698"}],"wp:attachment":[{"href":"https:\/\/zavala-zavala.com\/hr\/wp-json\/wp\/v2\/media?parent=5480"}],"curies":[{"name":"wp","href":"https:\/\/api.w.org\/{rel}","templated":true}]}}