{"id":5338,"date":"2020-09-02T11:47:48","date_gmt":"2020-09-02T11:47:48","guid":{"rendered":"https:\/\/zavala-zavala.com\/pogoji-poslovanja\/"},"modified":"2026-01-19T19:03:49","modified_gmt":"2026-01-19T19:03:49","slug":"pogoji-poslovanja","status":"publish","type":"page","link":"https:\/\/zavala-zavala.com\/sl\/pogoji-poslovanja\/","title":{"rendered":"Pogoji poslovanja"},"content":{"rendered":"\t\t<div data-elementor-type=\"wp-page\" data-elementor-id=\"5338\" class=\"elementor elementor-5338 elementor-2338\" data-elementor-post-type=\"page\">\n\t\t\t\t\t\t<section class=\"elementor-section elementor-top-section elementor-element elementor-element-5e857cd9 elementor-section-content-middle elementor-section-stretched elementor-section-boxed elementor-section-height-default elementor-section-height-default\" data-id=\"5e857cd9\" data-element_type=\"section\" data-e-type=\"section\" data-settings=\"{&quot;stretch_section&quot;:&quot;section-stretched&quot;}\">\n\t\t\t\t\t\t<div class=\"elementor-container elementor-column-gap-no\">\n\t\t\t\t\t<div class=\"elementor-column elementor-col-100 elementor-top-column elementor-element elementor-element-5955970e\" data-id=\"5955970e\" data-element_type=\"column\" data-e-type=\"column\">\n\t\t\t<div class=\"elementor-widget-wrap elementor-element-populated\">\n\t\t\t\t\t\t<div class=\"elementor-element elementor-element-1a394599 elementor-widget elementor-widget-heading\" data-id=\"1a394599\" data-element_type=\"widget\" data-e-type=\"widget\" data-widget_type=\"heading.default\">\n\t\t\t\t<div class=\"elementor-widget-container\">\n\t\t\t\t\t<h4 class=\"elementor-heading-title elementor-size-default\">Pogoji poslovanja <\/h4>\t\t\t\t<\/div>\n\t\t\t\t<\/div>\n\t\t\t\t\t<\/div>\n\t\t<\/div>\n\t\t\t\t\t<\/div>\n\t\t<\/section>\n\t\t\t\t<section class=\"elementor-section elementor-top-section elementor-element elementor-element-2951b999 elementor-section-content-top elementor-section-stretched elementor-section-boxed elementor-section-height-default elementor-section-height-default\" data-id=\"2951b999\" data-element_type=\"section\" data-e-type=\"section\" data-settings=\"{&quot;stretch_section&quot;:&quot;section-stretched&quot;}\">\n\t\t\t\t\t\t<div class=\"elementor-container elementor-column-gap-no\">\n\t\t\t\t\t<div class=\"elementor-column elementor-col-50 elementor-top-column elementor-element elementor-element-2a278176\" data-id=\"2a278176\" data-element_type=\"column\" data-e-type=\"column\">\n\t\t\t<div class=\"elementor-widget-wrap elementor-element-populated\">\n\t\t\t\t\t\t<div class=\"elementor-element elementor-element-11cb0657 elementor-widget elementor-widget-toggle\" data-id=\"11cb0657\" data-element_type=\"widget\" data-e-type=\"widget\" data-widget_type=\"toggle.default\">\n\t\t\t\t<div class=\"elementor-widget-container\">\n\t\t\t\t\t\t\t<div class=\"elementor-toggle\">\n\t\t\t\t\t\t\t<div class=\"elementor-toggle-item\">\n\t\t\t\t\t<div id=\"elementor-tab-title-2981\" class=\"elementor-tab-title\" data-tab=\"1\" role=\"button\" aria-controls=\"elementor-tab-content-2981\" aria-expanded=\"false\">\n\t\t\t\t\t\t\t\t\t\t\t\t<span class=\"elementor-toggle-icon elementor-toggle-icon-right\" aria-hidden=\"true\">\n\t\t\t\t\t\t\t\t\t\t\t\t\t\t\t<span class=\"elementor-toggle-icon-closed\"><i class=\"fas fa-chevron-down\"><\/i><\/span>\n\t\t\t\t\t\t\t\t<span class=\"elementor-toggle-icon-opened\"><i class=\"elementor-toggle-icon-opened fas fa-chevron-up\"><\/i><\/span>\n\t\t\t\t\t\t\t\t\t\t\t\t\t<\/span>\n\t\t\t\t\t\t\t\t\t\t\t\t<a class=\"elementor-toggle-title\" tabindex=\"0\">Hi\u0161na pravila <\/a>\n\t\t\t\t\t<\/div>\n\n\t\t\t\t\t<div id=\"elementor-tab-content-2981\" class=\"elementor-tab-content elementor-clearfix\" data-tab=\"1\" role=\"region\" aria-labelledby=\"elementor-tab-title-2981\"><p>Med glavno sezono je dan prihoda in odhoda sobota ali nedelja. Izven glavne sezone dan prihoda in odhoda ni strogo dolo\u010den.<\/p>\n<p><strong>Prijava je od 16:00 naprej <\/strong><br \/>\nDa bi vas lahko pri\u010dakali ob pravem \u010dasu, vas prosimo, da nam po\u0161ljete SMS sporo\u010dilo, ko se vkrcate na trajekt.<\/p>\n<p><strong>Odjava je do 10:00 <\/strong><br \/>\nDa bi lahko zagotovili nemoten proces \u010di\u0161\u010denja in apartma pripravili za goste, vas prosimo, da apartma zapustite najkasneje do 10:00 ure.<\/p>\n<p>Hi\u0161ne \u017eivali niso dovoljene.<\/p>\n<p>V primeru po\u0161kodbe opreme v apartmaju, ki so jo povzro\u010dili gosti, mora gost lastnika o tem obvestiti ter pla\u010dati ustrezno od\u0161kodnino.<\/p>\n<\/div>\n\t\t\t\t<\/div>\n\t\t\t\t\t\t\t\t<\/div>\n\t\t\t\t\t\t<\/div>\n\t\t\t\t<\/div>\n\t\t\t\t<div class=\"elementor-element elementor-element-7fc01dd elementor-widget elementor-widget-toggle\" data-id=\"7fc01dd\" data-element_type=\"widget\" data-e-type=\"widget\" data-widget_type=\"toggle.default\">\n\t\t\t\t<div class=\"elementor-widget-container\">\n\t\t\t\t\t\t\t<div class=\"elementor-toggle\">\n\t\t\t\t\t\t\t<div class=\"elementor-toggle-item\">\n\t\t\t\t\t<div id=\"elementor-tab-title-1331\" class=\"elementor-tab-title\" data-tab=\"1\" role=\"button\" aria-controls=\"elementor-tab-content-1331\" aria-expanded=\"false\">\n\t\t\t\t\t\t\t\t\t\t\t\t<span class=\"elementor-toggle-icon elementor-toggle-icon-right\" aria-hidden=\"true\">\n\t\t\t\t\t\t\t\t\t\t\t\t\t\t\t<span class=\"elementor-toggle-icon-closed\"><i class=\"fas fa-chevron-down\"><\/i><\/span>\n\t\t\t\t\t\t\t\t<span class=\"elementor-toggle-icon-opened\"><i class=\"elementor-toggle-icon-opened fas fa-chevron-up\"><\/i><\/span>\n\t\t\t\t\t\t\t\t\t\t\t\t\t<\/span>\n\t\t\t\t\t\t\t\t\t\t\t\t<a class=\"elementor-toggle-title\" tabindex=\"0\">Dodatni stro\u0161ki<\/a>\n\t\t\t\t\t<\/div>\n\n\t\t\t\t\t<div id=\"elementor-tab-content-1331\" class=\"elementor-tab-content elementor-clearfix\" data-tab=\"1\" role=\"region\" aria-labelledby=\"elementor-tab-title-1331\"><p>Uporaba klimatske naprave je opcijska in se zara\u010duna 50 EUR na teden.<\/p>\n<p>Kon\u010dno \u010di\u0161\u010denje: 50 EUR.<\/p>\n<\/div>\n\t\t\t\t<\/div>\n\t\t\t\t\t\t\t\t<\/div>\n\t\t\t\t\t\t<\/div>\n\t\t\t\t<\/div>\n\t\t\t\t\t<\/div>\n\t\t<\/div>\n\t\t\t\t<div class=\"elementor-column elementor-col-50 elementor-top-column elementor-element elementor-element-4514e6a\" data-id=\"4514e6a\" data-element_type=\"column\" data-e-type=\"column\">\n\t\t\t<div class=\"elementor-widget-wrap elementor-element-populated\">\n\t\t\t\t\t\t<div class=\"elementor-element elementor-element-03f31e7 elementor-widget elementor-widget-toggle\" data-id=\"03f31e7\" data-element_type=\"widget\" data-e-type=\"widget\" data-widget_type=\"toggle.default\">\n\t\t\t\t<div class=\"elementor-widget-container\">\n\t\t\t\t\t\t\t<div class=\"elementor-toggle\">\n\t\t\t\t\t\t\t<div class=\"elementor-toggle-item\">\n\t\t\t\t\t<div id=\"elementor-tab-title-4141\" class=\"elementor-tab-title\" data-tab=\"1\" role=\"button\" aria-controls=\"elementor-tab-content-4141\" aria-expanded=\"false\">\n\t\t\t\t\t\t\t\t\t\t\t\t<span class=\"elementor-toggle-icon elementor-toggle-icon-right\" aria-hidden=\"true\">\n\t\t\t\t\t\t\t\t\t\t\t\t\t\t\t<span class=\"elementor-toggle-icon-closed\"><i class=\"fas fa-chevron-down\"><\/i><\/span>\n\t\t\t\t\t\t\t\t<span class=\"elementor-toggle-icon-opened\"><i class=\"elementor-toggle-icon-opened fas fa-chevron-up\"><\/i><\/span>\n\t\t\t\t\t\t\t\t\t\t\t\t\t<\/span>\n\t\t\t\t\t\t\t\t\t\t\t\t<a class=\"elementor-toggle-title\" tabindex=\"0\">Cena vklju\u010duje<\/a>\n\t\t\t\t\t<\/div>\n\n\t\t\t\t\t<div id=\"elementor-tab-content-4141\" class=\"elementor-tab-content elementor-clearfix\" data-tab=\"1\" role=\"region\" aria-labelledby=\"elementor-tab-title-4141\"><p>Menjavo posteljnine enkrat na teden in menjavo brisa\u010d dvakrat na teden,<\/p>\n<p>uporaba le\u017ealnikov in sen\u010dnikov,<\/p>\n<p>eno parkirno mesto,<\/p>\n<p>uporaba zunanjega \u017eara,<\/p>\n<p>WI-FI.<\/p>\n<\/div>\n\t\t\t\t<\/div>\n\t\t\t\t\t\t\t\t<\/div>\n\t\t\t\t\t\t<\/div>\n\t\t\t\t<\/div>\n\t\t\t\t<div class=\"elementor-element elementor-element-31c2bde elementor-widget elementor-widget-toggle\" data-id=\"31c2bde\" data-element_type=\"widget\" data-e-type=\"widget\" data-widget_type=\"toggle.default\">\n\t\t\t\t<div class=\"elementor-widget-container\">\n\t\t\t\t\t\t\t<div class=\"elementor-toggle\">\n\t\t\t\t\t\t\t<div class=\"elementor-toggle-item\">\n\t\t\t\t\t<div id=\"elementor-tab-title-5211\" class=\"elementor-tab-title\" data-tab=\"1\" role=\"button\" aria-controls=\"elementor-tab-content-5211\" aria-expanded=\"false\">\n\t\t\t\t\t\t\t\t\t\t\t\t<span class=\"elementor-toggle-icon elementor-toggle-icon-right\" aria-hidden=\"true\">\n\t\t\t\t\t\t\t\t\t\t\t\t\t\t\t<span class=\"elementor-toggle-icon-closed\"><i class=\"fas fa-chevron-down\"><\/i><\/span>\n\t\t\t\t\t\t\t\t<span class=\"elementor-toggle-icon-opened\"><i class=\"elementor-toggle-icon-opened fas fa-chevron-up\"><\/i><\/span>\n\t\t\t\t\t\t\t\t\t\t\t\t\t<\/span>\n\t\t\t\t\t\t\t\t\t\t\t\t<a class=\"elementor-toggle-title\" tabindex=\"0\">Rezervacija in pogoji pla\u010dila<\/a>\n\t\t\t\t\t<\/div>\n\n\t\t\t\t\t<div id=\"elementor-tab-content-5211\" class=\"elementor-tab-content elementor-clearfix\" data-tab=\"1\" role=\"region\" aria-labelledby=\"elementor-tab-title-5211\"><p>Za rezervacijo uporabite zahtevek za prijavo ali pa nam po\u0161ljite elektronsko po\u0161to in vam bomo odgovorili v najkraj\u0161em mo\u017enem \u010dasu.<\/p>\n<p>Prijava bo potrjena, ko bo pla\u010dan 30% depozit.<\/p>\n<p>Preostali znesek lahko pla\u010date pred ali ob prihodu v Zavalo z gotovino ali po spletni banki. Kreditnih in ban\u010dnih kartic \u017eal ne sprejemamo.<\/p>\n<p>V primeru kasnej\u0161ega prihoda ali pred\u010dasnega odhoda se bodo vsi dnevi obra\u010dunali po obi\u010dajni ceni.<\/p>\n<p>\u010ce je rezervacija odpovedana 30 dni pred odhodom, vam bomo pla\u010dan depozit vrnili.<br \/>\nV primeru pozne odpovedi ali \u010de se gostje ne pojavijo na dan prihoda (\u2018no-show\u2019), bomo vpla\u010dan depozit zadr\u017eali.<\/p>\n<p>Gostom priporo\u010damo, da sklenejo turisti\u010dno zavarovanje.<\/p>\n<\/div>\n\t\t\t\t<\/div>\n\t\t\t\t\t\t\t\t<\/div>\n\t\t\t\t\t\t<\/div>\n\t\t\t\t<\/div>\n\t\t\t\t\t<\/div>\n\t\t<\/div>\n\t\t\t\t\t<\/div>\n\t\t<\/section>\n\t\t\t\t<\/div>\n\t\t","protected":false},"excerpt":{"rendered":"<p>Pogoji poslovanja Hi\u0161na pravila Med glavno sezono je dan prihoda in odhoda sobota ali nedelja. Izven glavne sezone dan prihoda in odhoda ni strogo dolo\u010den. Prijava je od 16:00 naprej Da bi vas lahko pri\u010dakali ob pravem \u010dasu, vas prosimo, da nam po\u0161ljete SMS sporo\u010dilo, ko se vkrcate na trajekt. Odjava je do 10:00 Da [&hellip;]<\/p>\n","protected":false},"author":4,"featured_media":0,"parent":0,"menu_order":0,"comment_status":"closed","ping_status":"closed","template":"","meta":{"footnotes":""},"class_list":["post-5338","page","type-page","status-publish","hentry"],"yoast_head":"<!-- This site is optimized with the Yoast SEO plugin v24.4 - https:\/\/yoast.com\/wordpress\/plugins\/seo\/ -->\n<title>Pogoji poslovanja - Apartmaji Zavala 222<\/title>\n<meta name=\"description\" content=\"Za rezervacijo uporabite zahtevek za prijavo ali pa nam po\u0161ljite elektronsko po\u0161to in vam bomo odgovorili v najkraj\u0161em mo\u017enem \u010dasu.\" \/>\n<meta name=\"robots\" content=\"index, follow, max-snippet:-1, max-image-preview:large, max-video-preview:-1\" \/>\n<link rel=\"canonical\" href=\"https:\/\/zavala-zavala.com\/sl\/pogoji-poslovanja\/\" \/>\n<meta property=\"og:locale\" content=\"sl_SI\" \/>\n<meta property=\"og:type\" content=\"article\" \/>\n<meta property=\"og:title\" content=\"Pogoji poslovanja - Apartmaji Zavala 222\" \/>\n<meta property=\"og:description\" content=\"Za rezervacijo uporabite zahtevek za prijavo ali pa nam po\u0161ljite elektronsko po\u0161to in vam bomo odgovorili v najkraj\u0161em mo\u017enem \u010dasu.\" \/>\n<meta property=\"og:url\" content=\"https:\/\/zavala-zavala.com\/sl\/pogoji-poslovanja\/\" \/>\n<meta property=\"og:site_name\" content=\"Zavala 222\" \/>\n<meta property=\"article:publisher\" content=\"https:\/\/www.facebook.com\/zavala222apartments\/\" \/>\n<meta property=\"article:modified_time\" content=\"2026-01-19T19:03:49+00:00\" \/>\n<meta name=\"twitter:card\" content=\"summary_large_image\" \/>\n<meta name=\"twitter:label1\" content=\"Est. reading time\" \/>\n\t<meta name=\"twitter:data1\" content=\"1 minuta\" \/>\n<!-- \/ Yoast SEO plugin. -->","yoast_head_json":{"title":"Pogoji poslovanja - Apartmaji Zavala 222","description":"Za rezervacijo uporabite zahtevek za prijavo ali pa nam po\u0161ljite elektronsko po\u0161to in vam bomo odgovorili v najkraj\u0161em mo\u017enem \u010dasu.","robots":{"index":"index","follow":"follow","max-snippet":"max-snippet:-1","max-image-preview":"max-image-preview:large","max-video-preview":"max-video-preview:-1"},"canonical":"https:\/\/zavala-zavala.com\/sl\/pogoji-poslovanja\/","og_locale":"sl_SI","og_type":"article","og_title":"Pogoji poslovanja - Apartmaji Zavala 222","og_description":"Za rezervacijo uporabite zahtevek za prijavo ali pa nam po\u0161ljite elektronsko po\u0161to in vam bomo odgovorili v najkraj\u0161em mo\u017enem \u010dasu.","og_url":"https:\/\/zavala-zavala.com\/sl\/pogoji-poslovanja\/","og_site_name":"Zavala 222","article_publisher":"https:\/\/www.facebook.com\/zavala222apartments\/","article_modified_time":"2026-01-19T19:03:49+00:00","twitter_card":"summary_large_image","twitter_misc":{"Est. reading time":"1 minuta"},"schema":{"@context":"https:\/\/schema.org","@graph":[{"@type":"WebPage","@id":"https:\/\/zavala-zavala.com\/sl\/pogoji-poslovanja\/","url":"https:\/\/zavala-zavala.com\/sl\/pogoji-poslovanja\/","name":"Pogoji poslovanja - Apartmaji Zavala 222","isPartOf":{"@id":"https:\/\/zavala-zavala.com\/sl\/#website"},"datePublished":"2020-09-02T11:47:48+00:00","dateModified":"2026-01-19T19:03:49+00:00","description":"Za rezervacijo uporabite zahtevek za prijavo ali pa nam po\u0161ljite elektronsko po\u0161to in vam bomo odgovorili v najkraj\u0161em mo\u017enem \u010dasu.","breadcrumb":{"@id":"https:\/\/zavala-zavala.com\/sl\/pogoji-poslovanja\/#breadcrumb"},"inLanguage":"sl-SI","potentialAction":[{"@type":"ReadAction","target":["https:\/\/zavala-zavala.com\/sl\/pogoji-poslovanja\/"]}]},{"@type":"BreadcrumbList","@id":"https:\/\/zavala-zavala.com\/sl\/pogoji-poslovanja\/#breadcrumb","itemListElement":[{"@type":"ListItem","position":1,"name":"Home","item":"https:\/\/zavala-zavala.com\/sl\/"},{"@type":"ListItem","position":2,"name":"Pogoji poslovanja"}]},{"@type":"WebSite","@id":"https:\/\/zavala-zavala.com\/sl\/#website","url":"https:\/\/zavala-zavala.com\/sl\/","name":"Zavala 222 Apartments","description":"Apartmants - Hvar - Croatia","publisher":{"@id":"https:\/\/zavala-zavala.com\/sl\/#organization"},"potentialAction":[{"@type":"SearchAction","target":{"@type":"EntryPoint","urlTemplate":"https:\/\/zavala-zavala.com\/sl\/?s={search_term_string}"},"query-input":{"@type":"PropertyValueSpecification","valueRequired":true,"valueName":"search_term_string"}}],"inLanguage":"sl-SI"},{"@type":"Organization","@id":"https:\/\/zavala-zavala.com\/sl\/#organization","name":"Zavala 222 apartments","url":"https:\/\/zavala-zavala.com\/sl\/","logo":{"@type":"ImageObject","inLanguage":"sl-SI","@id":"https:\/\/zavala-zavala.com\/sl\/#\/schema\/logo\/image\/","url":"https:\/\/zavala-zavala.com\/wp-content\/uploads\/2020\/04\/Zavala_222_20_logo.png","contentUrl":"https:\/\/zavala-zavala.com\/wp-content\/uploads\/2020\/04\/Zavala_222_20_logo.png","width":510,"height":240,"caption":"Zavala 222 apartments"},"image":{"@id":"https:\/\/zavala-zavala.com\/sl\/#\/schema\/logo\/image\/"},"sameAs":["https:\/\/www.facebook.com\/zavala222apartments\/","https:\/\/www.instagram.com\/zavala222apartments\/"]}]}},"_links":{"self":[{"href":"https:\/\/zavala-zavala.com\/sl\/wp-json\/wp\/v2\/pages\/5338","targetHints":{"allow":["GET"]}}],"collection":[{"href":"https:\/\/zavala-zavala.com\/sl\/wp-json\/wp\/v2\/pages"}],"about":[{"href":"https:\/\/zavala-zavala.com\/sl\/wp-json\/wp\/v2\/types\/page"}],"author":[{"embeddable":true,"href":"https:\/\/zavala-zavala.com\/sl\/wp-json\/wp\/v2\/users\/4"}],"replies":[{"embeddable":true,"href":"https:\/\/zavala-zavala.com\/sl\/wp-json\/wp\/v2\/comments?post=5338"}],"version-history":[{"count":9,"href":"https:\/\/zavala-zavala.com\/sl\/wp-json\/wp\/v2\/pages\/5338\/revisions"}],"predecessor-version":[{"id":6697,"href":"https:\/\/zavala-zavala.com\/sl\/wp-json\/wp\/v2\/pages\/5338\/revisions\/6697"}],"wp:attachment":[{"href":"https:\/\/zavala-zavala.com\/sl\/wp-json\/wp\/v2\/media?parent=5338"}],"curies":[{"name":"wp","href":"https:\/\/api.w.org\/{rel}","templated":true}]}}